{"id":1234,"date":"2023-01-27T13:47:07","date_gmt":"2023-01-27T12:47:07","guid":{"rendered":"https:\/\/gabrielalabanda.com\/rechtlicher-hinweis"},"modified":"2025-03-31T10:25:03","modified_gmt":"2025-03-31T09:25:03","slug":"rechtlicher-hinweis","status":"publish","type":"page","link":"https:\/\/gabrielalabanda.com\/de\/rechtlicher-hinweis","title":{"rendered":"Rechtlicher Hinweis"},"content":{"rendered":"\n<figure class=\"wp-block-table\"><table><tbody><tr><td>Grundlegende Informationen zum Datenschutz<\/td><\/tr><tr><td>Verantwortlicher f\u00fcr die Datenverarbeitung<\/td><td>GABRIELA LABANDA<\/td><\/tr><tr><td>Zweck der Verarbeitung<\/td><td>Web-Browsing und Verbesserung der Benutzerfreundlichkeit.<\/td><\/tr><tr><td>Legitimation f\u00fcr die Verarbeitung Ihrer personenbezogenen Daten<\/td><td>Einwilligung der betroffenen Person, berechtigtes Interesse des f\u00fcr die Datenverarbeitung Verantwortlichen.<\/td><\/tr><tr><td>Adressaten<\/td><td>Die personenbezogenen Daten der Nutzer k\u00f6nnen vorbehaltlich ihrer ausdr\u00fccklichen Zustimmung an Dritte weitergegeben werden, es sei denn, es handelt sich um gesetzliche Verpflichtungen oder die Erf\u00fcllung von Vertr\u00e4gen.<\/td><\/tr><tr><td>Rechte<\/td><td>Sie k\u00f6nnen Ihr Recht auf Auskunft, Berichtigung, L\u00f6schung, Einschr\u00e4nkung der Verarbeitung, \u00dcbertragbarkeit, Widerspruch und das Recht, keiner automatisierten Entscheidung unterworfen zu werden, einschlie\u00dflich Profiling, aus\u00fcben.<\/td><\/tr><tr><td>Zus\u00e4tzliche Informationen<\/td><td>Weitere ausf\u00fchrliche Informationen zum Datenschutz finden Sie in diesem rechtlichen Hinweis, in unserer <a href=\"https:\/\/gabrielalabanda.com\/es\/politica-de-privacidad\">Datenschutzrichtlinie<\/a>, in der <a href=\"https:\/\/gabrielalabanda.com\/es\/politica-de-cookies\"> <em>Cookie-Richtlinie<\/em><\/a> und in den Allgemeinen <a href=\"https:\/\/gabrielalabanda.com\/es\/terminos-y-condiciones\">Gesch\u00e4ftsbedingungen<\/a> dieser Website.<\/td><\/tr><\/tbody><\/table><\/figure>\n\n<p>Aufgrund dieses rechtlichen Hinweises werden Sie hiermit dar\u00fcber informiert, dass der Inhaber dieser Website mit der Domain <a href=\"https:\/\/gabrielalabanda.com\/de\">https:\/\/gabrielalabanda.com<\/a> ist:<\/p>\n\n<ul class=\"wp-block-list\"><li><strong>Identifizierung des Eigent\u00fcmers der Website:<\/strong> GABRIELA LABANDA<\/li><li><strong>STEUERIDENTIFIKATIONSNUMMER:<\/strong> 103\/5129\/4403<\/li><li><strong>Wohnsitz\/Firmenanschrift:<\/strong> ANRATHER WEG, N.\u00ba 10<\/li><li><strong>Postleitzahl &amp; Ort:<\/strong> 40547, D\u00dcSSELDORF, NORDRHEIN, WESTPHALEN<\/li><li>E-Mail-Adresse: <a href=\"mailto:contact@gabrielalabanda.com\">contact@gabrielalabanda.com<\/a><\/li><li>Telefon: +1 681-658-2775<\/li><\/ul>\n\n<p>Wenn Sie weitere Informationen \u00fcber unsere Datenschutzpolitik w\u00fcnschen, wenden Sie sich bitte an <a href=\"mailto:contact@gabrielalabanda.com\">contact@gabrielalabanda.com<\/a> oder besuchen Sie die folgenden Links:<\/p>\n\n<ul class=\"wp-block-list\"><li><a href=\"https:\/\/gabrielalabanda.com\/es\/terminos-y-condiciones\">Bedingungen und Konditionen<\/a><\/li><li><a href=\"https:\/\/gabrielalabanda.com\/es\/politica-de-cookies\"><em>Cookie-Richtlinie<\/em><\/a><\/li><li><a href=\"https:\/\/gabrielalabanda.com\/es\/politica-de-privacidad\">Datenschutzbestimmungen<\/a><\/li><\/ul>\n\n<p>F\u00fcr weitere Fragen in diesem Bereich k\u00f6nnen Sie die Website der spanischen Datenschutzbeh\u00f6rde (AEPD) besuchen: <strong>\n  <a href=\"https:\/\/www.aepd.es\/es\">https:\/\/www.aepd.es\/es<\/a>\n<\/strong>.<\/p>\n\n<p>Schlie\u00dflich wurde ein Teil der Arbeiten der Fotografin Anne Orthen (aktuelle Portr\u00e4ts), des Theatermuseums D\u00fcsseldorf und des Fotografen Eduard Straub (f\u00fcr die &#8222;\u00dcber mich&#8220;-Fotos) f\u00fcr die Bilder verwendet. Die Kunstfotos stammen aus Adobe Stock.<\/p>\n","protected":false},"excerpt":{"rendered":"<p>Grundlegende Informationen zum Datenschutz Verantwortlicher f\u00fcr die Datenverarbeitung GABRIELA LABANDA Zweck der Verarbeitung Web-Browsing und Verbesserung der Benutzerfreundlichkeit. Legitimation f\u00fcr die Verarbeitung Ihrer personenbezogenen Daten Einwilligung der betroffenen Person, berechtigtes Interesse des f\u00fcr die Datenverarbeitung Verantwortlichen. Adressaten Die personenbezogenen Daten der Nutzer k\u00f6nnen vorbehaltlich ihrer ausdr\u00fccklichen Zustimmung an Dritte weitergegeben werden, es sei denn, es [&hellip;]<\/p>\n","protected":false},"author":1,"featured_media":0,"parent":0,"menu_order":0,"comment_status":"closed","ping_status":"closed","template":"","meta":{"_et_pb_use_builder":"off","_et_pb_old_content":"","_et_gb_content_width":"","footnotes":""},"class_list":["post-1234","page","type-page","status-publish","hentry"],"_links":{"self":[{"href":"https:\/\/gabrielalabanda.com\/de\/wp-json\/wp\/v2\/pages\/1234","targetHints":{"allow":["GET"]}}],"collection":[{"href":"https:\/\/gabrielalabanda.com\/de\/wp-json\/wp\/v2\/pages"}],"about":[{"href":"https:\/\/gabrielalabanda.com\/de\/wp-json\/wp\/v2\/types\/page"}],"author":[{"embeddable":true,"href":"https:\/\/gabrielalabanda.com\/de\/wp-json\/wp\/v2\/users\/1"}],"replies":[{"embeddable":true,"href":"https:\/\/gabrielalabanda.com\/de\/wp-json\/wp\/v2\/comments?post=1234"}],"version-history":[{"count":5,"href":"https:\/\/gabrielalabanda.com\/de\/wp-json\/wp\/v2\/pages\/1234\/revisions"}],"predecessor-version":[{"id":3221,"href":"https:\/\/gabrielalabanda.com\/de\/wp-json\/wp\/v2\/pages\/1234\/revisions\/3221"}],"wp:attachment":[{"href":"https:\/\/gabrielalabanda.com\/de\/wp-json\/wp\/v2\/media?parent=1234"}],"curies":[{"name":"wp","href":"https:\/\/api.w.org\/{rel}","templated":true}]}}