{"id":316,"date":"2022-01-04T13:32:07","date_gmt":"2022-01-04T13:32:07","guid":{"rendered":"https:\/\/gabrielalabanda.com\/blog"},"modified":"2025-10-28T13:38:13","modified_gmt":"2025-10-28T12:38:13","slug":"blog","status":"publish","type":"page","link":"https:\/\/gabrielalabanda.com\/de\/blog","title":{"rendered":"Blog"},"content":{"rendered":"<p>[et_pb_section fb_built=&#8220;1&#8243; fullwidth=&#8220;on&#8220; admin_label=&#8220;Header&#8220; _builder_version=&#8220;4.16&#8243; custom_padding=&#8220;0px|0|0px|0px|false|false&#8220; top_divider_style=&#8220;arrow3&#8243; top_divider_color=&#8220;rgba(255,255,255,0.3)&#8220; top_divider_height=&#8220;100%&#8220; top_divider_repeat=&#8220;1.5x&#8220; bottom_divider_color=&#8220;rgba(255,255,255,0.33)&#8220; bottom_divider_height=&#8220;500px&#8220; global_colors_info=&#8220;{}&#8220;][et_pb_fullwidth_header title=&#8220;Blog&#8220; subhead=&#8220;Wenn Sie gerne \u00fcber den Tellerrand hinausschauen&#8230;&#8220; header_fullscreen=&#8220;on&#8220; button_one_url=&#8220;https:\/\/gabrielalabanda.com\/contacto&#8220; background_overlay_color=&#8220;RGBA(255,255,255,0)&#8220; content_max_width=&#8220;70%&#8220; content_max_width_tablet=&#8220;100%&#8220; content_max_width_phone=&#8220;&#8220; content_max_width_last_edited=&#8220;on|phone&#8220; _builder_version=&#8220;4.16&#8243; title_font=&#8220;||||||||&#8220; title_text_align=&#8220;left&#8220; title_text_color=&#8220;#f5eadb&#8220; title_font_size=&#8220;5vw&#8220; title_line_height=&#8220;0.5em&#8220; content_font=&#8220;||||||||&#8220; content_text_color=&#8220;#f5eadb&#8220; content_font_size=&#8220;18px&#8220; content_line_height=&#8220;1.8em&#8220; subhead_font=&#8220;|700||on|||||&#8220; subhead_text_align=&#8220;left&#8220; subhead_text_color=&#8220;#d09a6b&#8220; subhead_font_size=&#8220;16px&#8220; subhead_letter_spacing=&#8220;6px&#8220; subhead_line_height=&#8220;4.5em&#8220; background_color=&#8220;rgba(255,255,255,0)&#8220; background_image=&#8220;https:\/\/gabrielalabanda.com\/wp-content\/uploads\/2022\/03\/teachingvoicelab.jpg&#8220; background_position=&#8220;top_center&#8220; custom_button_one=&#8220;on&#8220; button_one_text_size=&#8220;14px&#8220; button_one_text_color=&#8220;#000000&#8243; button_one_bg_color=&#8220;#ffffff&#8220; button_one_border_width=&#8220;14px&#8220; button_one_border_color=&#8220;#ffffff&#8220; button_one_border_radius=&#8220;0px&#8220; button_one_letter_spacing=&#8220;4px&#8220; button_one_font=&#8220;Poppins|500||on|||||&#8220; background_layout=&#8220;light&#8220; custom_margin=&#8220;||||false|false&#8220; custom_padding=&#8220;||||false|false&#8220; title_font_size_tablet=&#8220;40px&#8220; title_font_size_phone=&#8220;32px&#8220; title_font_size_last_edited=&#8220;on|phone&#8220; subhead_font_size_tablet=&#8220;40px&#8220; subhead_font_size_phone=&#8220;32px&#8220; subhead_font_size_last_edited=&#8220;off|tablet&#8220; subhead_line_height_tablet=&#8220;4em&#8220; subhead_line_height_phone=&#8220;3em&#8220; subhead_line_height_last_edited=&#8220;on|phone&#8220; button_one_border_color_hover=&#8220;#ecd5c5&#8243; button_one_border_radius_hover=&#8220;0px&#8220; button_one_letter_spacing_hover=&#8220;4px&#8220; button_one_bg_color_hover=&#8220;#ecd5c5&#8243; global_colors_info=&#8220;{}&#8220; button_one_text_size__hover_enabled=&#8220;off&#8220; button_two_text_size__hover_enabled=&#8220;off&#8220; button_one_text_color__hover_enabled=&#8220;off&#8220; button_two_text_color__hover_enabled=&#8220;off&#8220; button_one_border_width__hover_enabled=&#8220;off&#8220; button_two_border_width__hover_enabled=&#8220;off&#8220; button_one_border_color__hover_enabled=&#8220;on&#8220; button_one_border_color__hover=&#8220;#ecd5c5&#8243; button_two_border_color__hover_enabled=&#8220;off&#8220; button_one_border_radius__hover_enabled=&#8220;on&#8220; button_one_border_radius__hover=&#8220;0px&#8220; button_two_border_radius__hover_enabled=&#8220;off&#8220; button_one_letter_spacing__hover_enabled=&#8220;on&#8220; button_one_letter_spacing__hover=&#8220;4px&#8220; button_two_letter_spacing__hover_enabled=&#8220;off&#8220; button_one_bg_color__hover_enabled=&#8220;on&#8220; button_one_bg_color__hover=&#8220;#ecd5c5&#8243; button_two_bg_color__hover_enabled=&#8220;off&#8220;]<\/p>\n<p><span style=\"font-size: 18px;\">Abonnieren Sie unten den <\/span><em style=\"font-size: 18px;\">Singlebrief <\/em>, um die Artikel zu lesen, sobald sie aus dem Ofen kommen.<\/p>\n<p><span style=\"font-size: 18px;\"><\/span><\/p>\n<p><span style=\"font-size: 18px;\"><\/span><\/p>\n<p><span style=\"font-size: 18px;\"><\/span><\/p>\n<p><span style=\"font-size: 18px;\"><\/span><\/p>\n<p><em><\/em><\/p>\n<p>&nbsp;<\/p>\n<p>&nbsp;<\/p>\n<p>[\/et_pb_fullwidth_header][\/et_pb_section][et_pb_section fb_built=&#8220;1&#8243; specialty=&#8220;on&#8220; _builder_version=&#8220;4.22.0&#8243; _module_preset=&#8220;default&#8220; custom_padding=&#8220;5px|||||&#8220; link_option_url_new_window=&#8220;on&#8220; global_colors_info=&#8220;{}&#8220;][et_pb_column type=&#8220;3_4&#8243; specialty_columns=&#8220;3&#8243; _builder_version=&#8220;4.16&#8243; custom_padding=&#8220;|||&#8220; global_colors_info=&#8220;{}&#8220; custom_padding__hover=&#8220;|||&#8220;][et_pb_row_inner _builder_version=&#8220;4.22.0&#8243; _module_preset=&#8220;default&#8220;][et_pb_column_inner saved_specialty_column_type=&#8220;3_4&#8243; _builder_version=&#8220;4.22.0&#8243; _module_preset=&#8220;default&#8220;][et_pb_blog _builder_version=&#8220;4.22.0&#8243; _module_preset=&#8220;default&#8220; show_thumbnail=&#8220;on&#8220; fullwidth=&#8220;off&#8220; show_categories=&#8220;off&#8220; hover_enabled=&#8220;0&#8243; sticky_enabled=&#8220;0&#8243;][\/et_pb_blog][\/et_pb_column_inner][\/et_pb_row_inner][\/et_pb_column][et_pb_column type=&#8220;1_4&#8243; _builder_version=&#8220;4.16&#8243; custom_padding=&#8220;|||&#8220; global_colors_info=&#8220;{}&#8220; custom_padding__hover=&#8220;|||&#8220;][et_pb_text _builder_version=&#8220;4.22.0&#8243; _module_preset=&#8220;default&#8220; hover_enabled=&#8220;0&#8243; global_colors_info=&#8220;{}&#8220; sticky_enabled=&#8220;0&#8243;]<\/p>\n<p><img loading=\"lazy\" decoding=\"async\" src=\"https:\/\/gabrielalabanda.com\/wp-content\/uploads\/2025\/05\/Gabriela2023-1-768x1024.jpg\" width=\"768\" height=\"1024\" alt=\"\" class=\"wp-image-4058 alignnone size-large\"><\/p>\n<p>Willkommen!<\/p>\n<p>Ich bin Gabriela Labanda, S\u00e4ngerin, Gesangsp\u00e4dagogin, Gesangstherapeutin und traumasensible Stimmbildnerin.<\/p>\n<p>In meiner Unterrichtspraxis<span> integriere ich die Schl\u00fcsselaspekte der Entwicklung stimmlicher Belastbarkeit und echter musikalischer Pr\u00e4zision.<\/span><\/p>\n<p><span>Vielen Dank f\u00fcr Ihren Besuch!<\/span><\/p>\n<p>[\/et_pb_text][\/et_pb_column][\/et_pb_section][et_pb_section fb_built=&#8220;1&#8243; disabled_on=&#8220;off|off|off&#8220; admin_label=&#8220;Subscribe&#8220; _builder_version=&#8220;4.14.4&#8243; background_enable_image=&#8220;off&#8220; custom_padding=&#8220;5px|0px|5px|0px|true|false&#8220; global_module=&#8220;75&#8243; saved_tabs=&#8220;all&#8220; global_colors_info=&#8220;{}&#8220;][\/et_pb_section]<\/p>\n","protected":false},"excerpt":{"rendered":"<p>Abonnieren Sie unten den Singlebrief , um die Artikel zu lesen, sobald sie aus dem Ofen kommen. &nbsp; &nbsp; Willkommen! Ich bin Gabriela Labanda, S\u00e4ngerin, Gesangsp\u00e4dagogin, Gesangstherapeutin und traumasensible Stimmbildnerin. In meiner Unterrichtspraxis integriere ich die Schl\u00fcsselaspekte der Entwicklung stimmlicher Belastbarkeit und echter musikalischer Pr\u00e4zision. Vielen Dank f\u00fcr Ihren Besuch!<\/p>\n","protected":false},"author":1,"featured_media":0,"parent":0,"menu_order":0,"comment_status":"closed","ping_status":"closed","template":"","meta":{"_et_pb_use_builder":"on","_et_pb_old_content":"","_et_gb_content_width":"","footnotes":""},"class_list":["post-316","page","type-page","status-publish","hentry"],"_links":{"self":[{"href":"https:\/\/gabrielalabanda.com\/de\/wp-json\/wp\/v2\/pages\/316","targetHints":{"allow":["GET"]}}],"collection":[{"href":"https:\/\/gabrielalabanda.com\/de\/wp-json\/wp\/v2\/pages"}],"about":[{"href":"https:\/\/gabrielalabanda.com\/de\/wp-json\/wp\/v2\/types\/page"}],"author":[{"embeddable":true,"href":"https:\/\/gabrielalabanda.com\/de\/wp-json\/wp\/v2\/users\/1"}],"replies":[{"embeddable":true,"href":"https:\/\/gabrielalabanda.com\/de\/wp-json\/wp\/v2\/comments?post=316"}],"version-history":[{"count":14,"href":"https:\/\/gabrielalabanda.com\/de\/wp-json\/wp\/v2\/pages\/316\/revisions"}],"predecessor-version":[{"id":4889,"href":"https:\/\/gabrielalabanda.com\/de\/wp-json\/wp\/v2\/pages\/316\/revisions\/4889"}],"wp:attachment":[{"href":"https:\/\/gabrielalabanda.com\/de\/wp-json\/wp\/v2\/media?parent=316"}],"curies":[{"name":"wp","href":"https:\/\/api.w.org\/{rel}","templated":true}]}}