{"id":3212,"date":"2025-03-31T10:23:52","date_gmt":"2025-03-31T09:23:52","guid":{"rendered":"https:\/\/gabrielalabanda.com\/uber-mich"},"modified":"2025-05-04T17:28:24","modified_gmt":"2025-05-04T16:28:24","slug":"uber-mich","status":"publish","type":"page","link":"https:\/\/gabrielalabanda.com\/de\/uber-mich","title":{"rendered":"\u00dcber mich"},"content":{"rendered":"<p>[et_pb_section fb_built=&#8220;1&#8243; fullwidth=&#8220;on&#8220; admin_label=&#8220;Header&#8220; _builder_version=&#8220;4.16&#8243; custom_padding=&#8220;0px|0|0px|0px|false|false&#8220; top_divider_style=&#8220;arrow3&#8243; top_divider_color=&#8220;rgba(255,255,255,0.3)&#8220; top_divider_height=&#8220;100%&#8220; top_divider_repeat=&#8220;1.5x&#8220; bottom_divider_color=&#8220;rgba(255,255,255,0.33)&#8220; bottom_divider_height=&#8220;500px&#8220; global_colors_info=&#8220;{}&#8220;][et_pb_fullwidth_header subhead=&#8220;S\u00e4ngerin &#8211; GESANGSP\u00c4DAGOGIN &#8211; \u00a0 \u00a0 \u00a0 \u00a0 \u00a0 \u00a0 \u00a0 \u00a0 \u00a0 \u00a0 \u00a0 \u00a0 \u00a0 \u00a0 \u00a0 \u00a0 \u00a0 \u00a0 \u00a0 \u00a0 \u00a0 \u00a0 \u00a0 \u00a0 \u00a0 \u00a0 \u00a0 \u00a0 \u00a0 \u00a0 \u00a0 \u00a0 \u00a0 \u00a0 \u00a0 \u00a0 \u00a0 \u00a0 \u00a0 \u00a0 \u00a0 SINGING VOICE Specialist- \u00a0 \u00a0 \u00a0 \u00a0 \u00a0 \u00a0 \u00a0 \u00a0 \u00a0 \u00a0 \u00a0 \u00a0 \u00a0 \u00a0Trauma Sensible Stimmexpertin.&#8220; header_fullscreen=&#8220;on&#8220; button_one_url=&#8220;https:\/\/gabrielalabanda.com\/contacto&#8220; content_max_width=&#8220;70%&#8220; content_max_width_tablet=&#8220;100%&#8220; content_max_width_phone=&#8220;&#8220; content_max_width_last_edited=&#8220;on|phone&#8220; _builder_version=&#8220;4.22.0&#8243; title_level=&#8220;h3&#8243; title_font=&#8220;||||||||&#8220; title_text_align=&#8220;left&#8220; title_text_color=&#8220;#f5eadb&#8220; title_font_size=&#8220;4vw&#8220; title_line_height=&#8220;0.5em&#8220; content_font=&#8220;||||||||&#8220; content_text_color=&#8220;#f5eadb&#8220; content_font_size=&#8220;18px&#8220; content_line_height=&#8220;1.8em&#8220; subhead_font=&#8220;|700||on|||||&#8220; subhead_text_align=&#8220;left&#8220; subhead_text_color=&#8220;#d09a6b&#8220; subhead_font_size=&#8220;16px&#8220; subhead_letter_spacing=&#8220;6px&#8220; subhead_line_height=&#8220;4.5em&#8220; background_color=&#8220;rgba(255,255,255,0)&#8220; background_image=&#8220;https:\/\/gabrielalabanda.com\/wp-content\/uploads\/2022\/03\/teachingvoicelab.jpg&#8220; background_position=&#8220;top_center&#8220; custom_button_one=&#8220;on&#8220; button_one_text_size=&#8220;14px&#8220; button_one_text_color=&#8220;#000000&#8243; button_one_bg_color=&#8220;#ffffff&#8220; button_one_border_width=&#8220;14px&#8220; button_one_border_color=&#8220;#ffffff&#8220; button_one_border_radius=&#8220;0px&#8220; button_one_letter_spacing=&#8220;4px&#8220; button_one_font=&#8220;Poppins|500||on|||||&#8220; background_layout=&#8220;light&#8220; custom_margin=&#8220;||||false|false&#8220; custom_padding=&#8220;|||&#8220; hover_enabled=&#8220;0&#8243; title_font_size_tablet=&#8220;40px&#8220; title_font_size_phone=&#8220;32px&#8220; title_font_size_last_edited=&#8220;on|phone&#8220; title_line_height_tablet=&#8220;0.5em&#8220; title_line_height_phone=&#8220;1.7em&#8220; title_line_height_last_edited=&#8220;on|phone&#8220; subhead_font_size_tablet=&#8220;40px&#8220; subhead_font_size_phone=&#8220;32px&#8220; subhead_font_size_last_edited=&#8220;off|tablet&#8220; subhead_line_height_tablet=&#8220;4em&#8220; subhead_line_height_phone=&#8220;3em&#8220; subhead_line_height_last_edited=&#8220;on|phone&#8220; button_one_border_color_hover=&#8220;#ecd5c5&#8243; button_one_border_radius_hover=&#8220;0px&#8220; button_one_letter_spacing_hover=&#8220;4px&#8220; button_one_bg_color_hover=&#8220;#ecd5c5&#8243; global_colors_info=&#8220;{}&#8220; button_one_text_size__hover_enabled=&#8220;off&#8220; button_two_text_size__hover_enabled=&#8220;off&#8220; button_one_text_color__hover_enabled=&#8220;off&#8220; button_two_text_color__hover_enabled=&#8220;off&#8220; button_one_border_width__hover_enabled=&#8220;off&#8220; button_two_border_width__hover_enabled=&#8220;off&#8220; button_one_border_color__hover_enabled=&#8220;on&#8220; button_one_border_color__hover=&#8220;#ecd5c5&#8243; button_two_border_color__hover_enabled=&#8220;off&#8220; button_one_border_radius__hover_enabled=&#8220;on&#8220; button_one_border_radius__hover=&#8220;0px&#8220; button_two_border_radius__hover_enabled=&#8220;off&#8220; button_one_letter_spacing__hover_enabled=&#8220;on&#8220; button_one_letter_spacing__hover=&#8220;4px&#8220; button_two_letter_spacing__hover_enabled=&#8220;off&#8220; button_one_bg_color__hover_enabled=&#8220;on&#8220; button_one_bg_color__hover=&#8220;#ecd5c5&#8243; button_two_bg_color__hover_enabled=&#8220;off&#8220; sticky_enabled=&#8220;0&#8243; title=&#8220;Gabriela Labanda&#8220;][\/et_pb_fullwidth_header][\/et_pb_section][et_pb_section fb_built=&#8220;1&#8243; admin_label=&#8220;About Us&#8220; _builder_version=&#8220;4.16&#8243; custom_padding=&#8220;50px|0px|50px|0px|true|false&#8220; locked=&#8220;off&#8220; global_colors_info=&#8220;{}&#8220;][et_pb_row column_structure=&#8220;1_2,1_2&#8243; _builder_version=&#8220;4.16&#8243; custom_padding=&#8220;20px|||||&#8220; global_colors_info=&#8220;{}&#8220;][et_pb_column type=&#8220;1_2&#8243; _builder_version=&#8220;4.16&#8243; custom_padding=&#8220;|||&#8220; global_colors_info=&#8220;{}&#8220; custom_padding__hover=&#8220;|||&#8220;][et_pb_image src=&#8220;https:\/\/gabrielalabanda.com\/wp-content\/uploads\/2021\/12\/home-gabriela.jpg&#8220; alt=&#8220;nach Hause Gabriela&#8220; title_text=&#8220;nach Hause Gabriela&#8220; force_fullwidth=&#8220;on&#8220; align_tablet=&#8220;center&#8220; align_phone=&#8220;center&#8220; align_last_edited=&#8220;on|desktop&#8220; _builder_version=&#8220;4.16&#8243; custom_margin=&#8220;|||&#8220; custom_margin_tablet=&#8220;-160px|||&#8220; custom_margin_phone=&#8220;0px|||&#8220; custom_margin_last_edited=&#8220;off|desktop&#8220; animation_direction=&#8220;bottom&#8220; box_shadow_style=&#8220;preset3&#8243; box_shadow_vertical=&#8220;70px&#8220; box_shadow_blur=&#8220;80px&#8220; box_shadow_spread=&#8220;-60px&#8220; global_colors_info=&#8220;{}&#8220;][\/et_pb_image][\/et_pb_column][et_pb_column type=&#8220;1_2&#8243; _builder_version=&#8220;4.16&#8243; custom_padding=&#8220;|||6%|false|false&#8220; global_colors_info=&#8220;{}&#8220; custom_padding__hover=&#8220;|||&#8220;][et_pb_text _builder_version=&#8220;4.22.0&#8243; text_font=&#8220;||||||||&#8220; text_font_size=&#8220;20px&#8220; link_font=&#8220;||||||||&#8220; ul_font=&#8220;||||||||&#8220; header_font=&#8220;||||||||&#8220; header_2_font=&#8220;||||||||&#8220; header_3_font=&#8220;||||||||&#8220; header_3_font_size=&#8220;45px&#8220; header_3_line_height=&#8220;1.5em&#8220; background_color=&#8220;#FFFFFF&#8220; max_width_tablet=&#8220;100%&#8220; max_width_phone=&#8220;100%&#8220; max_width_last_edited=&#8220;off|desktop&#8220; module_alignment=&#8220;right&#8220; custom_padding=&#8220;|||&#8220; custom_padding_tablet=&#8220;|||0px&#8220; custom_padding_phone=&#8220;&#8220; custom_padding_last_edited=&#8220;on|desktop&#8220; hover_enabled=&#8220;0&#8243; global_colors_info=&#8220;{}&#8220; sticky_enabled=&#8220;0&#8243;]<\/p>\n<p>&nbsp;<\/p>\n<p>Meine s\u00e4ngerische Laufbahn begann viel fr\u00fcher als meine Ausbildung als S\u00e4ngerin, aber das erz\u00e4hle ich ein anderes mal&#8230; Ich studierte Opern- und Konzertgesang in Buenos Aires, Argentinien und war Stipendiatin der Stiftung Leonor Hirsch, Antorchas und Camping Musical Bariloche. Ein Engagement an der Deutschen Oper am Rhein brachte mich 1999 nach D\u00fcsseldorf, wo ich unter der Leitung Dirigenten wie John Fiore, Ira Levin, Hans Wallat, Francesco Corti, St\u00e9phane Den\u00e8ve, Jonathan Darlington und G\u00fcnther Albers sowie unter Regisseuren wie Christoph Loy, Anthony Ernst, Alexander von Pfeil und Hermann Schneider arbeitete.<\/p>\n<p>[\/et_pb_text][\/et_pb_column][\/et_pb_row][\/et_pb_section][et_pb_section fb_built=&#8220;1&#8243; admin_label=&#8220;What we do&#8220; _builder_version=&#8220;4.16&#8243; use_background_color_gradient=&#8220;on&#8220; background_color_gradient_stops=&#8220;#ffffff 0%|#f2e3de 100%&#8220; background_color_gradient_start=&#8220;#ffffff&#8220; background_color_gradient_end=&#8220;#f2e3de&#8220; custom_padding=&#8220;50px|0px|50px|0px|true|false&#8220; top_divider_style=&#8220;arrow3&#8243; top_divider_color=&#8220;rgba(255,255,255,0.56)&#8220; top_divider_height=&#8220;500px&#8220; top_divider_repeat=&#8220;2x&#8220; bottom_divider_color=&#8220;rgba(255,255,255,0.55)&#8220; bottom_divider_repeat=&#8220;2x&#8220; global_colors_info=&#8220;{}&#8220;][et_pb_row column_structure=&#8220;1_2,1_2&#8243; admin_label=&#8220;was wir tun rudern&#8220; _builder_version=&#8220;4.22.0&#8243; custom_padding=&#8220;||2px|||&#8220; hover_enabled=&#8220;0&#8243; global_colors_info=&#8220;{}&#8220; sticky_enabled=&#8220;0&#8243;][et_pb_column type=&#8220;1_2&#8243; _builder_version=&#8220;4.16&#8243; custom_padding=&#8220;0px||80px||false|false&#8220; global_colors_info=&#8220;{}&#8220; custom_padding__hover=&#8220;|||&#8220;][et_pb_text admin_label=&#8220;Subheading&#8220; _builder_version=&#8220;4.22.0&#8243; text_font=&#8220;||||||||&#8220; text_font_size=&#8220;20px&#8220; link_font=&#8220;||||||||&#8220; ul_font=&#8220;||||||||&#8220; header_font=&#8220;||||||||&#8220; header_2_font=&#8220;||||||||&#8220; header_3_font=&#8220;||||||||&#8220; header_3_font_size=&#8220;45px&#8220; header_3_line_height=&#8220;1.5em&#8220; header_4_font=&#8220;||||||||&#8220; header_5_font=&#8220;Poppins|700||on|||||&#8220; header_5_text_color=&#8220;#ecd5c5&#8243; header_5_letter_spacing=&#8220;15px&#8220; header_5_line_height=&#8220;1.8em&#8220; background_color=&#8220;#FFFFFF&#8220; max_width_tablet=&#8220;100%&#8220; max_width_phone=&#8220;100%&#8220; max_width_last_edited=&#8220;off|desktop&#8220; module_alignment=&#8220;right&#8220; custom_margin=&#8220;|||&#8220; custom_padding=&#8220;|||&#8220; hover_enabled=&#8220;0&#8243; global_colors_info=&#8220;{}&#8220; sticky_enabled=&#8220;0&#8243;]<\/p>\n<p>Gleichzeitig &#8211; besonders nach meiner Begegnung mit der Rabine Methode und die Nervensystem basierte Stimmentwicklung von Cornelius Reid, interessierte ich mich zunehmend f\u00fcr die Physiologie des Singen und das Singen Lehren. Seit 2011 bin ich zertifizierte Gesangsp\u00e4dagogin des Bundesverbands Deutscher Gesangsp\u00e4dagogen (BDG). Ein paar Jahre sp\u00e4ter studierte ich <b>Stimmphysiologie sowie Stimmrehabilitation mit Schwerpunkt Gesang<\/b> an der Universit\u00e4t der K\u00fcnste Bern &amp; Inselspital Bern, in der Schweiz.<\/p>\n<p>In 2014 erhielt ich am IAPP (Institut f\u00fcr angewandte Psychologie und Psychosomatik, D\u00fcsseldorf) Zertifizifikate in <b>Humanistischer Psychologie von Carl Rogers und Neurolinguistischem Programmieren<\/b> (NLP).<\/p>\n<p>Zudem vertiefte ich meine Nervensystem basierte Ansatz mit dem Zertifikat als <b>Trauma-Informed Voice Professional<\/b>(Voice Study Center, England).\u00a0<\/p>\n<p>Dort durfte ich mich intensiv mit Trauma-Sensibilit\u00e4t besch\u00e4ftigen \u2013 und \u00fcberraschende Zusammenh\u00e4nge entdecken: im komplexen Feld von Mensch, stimmlicher H\u00f6chstleistung und Kommunikation.<\/p>\n<p>In meinem Studio in D\u00fcsseldorf begleite ich S\u00e4nger:innen auf ihrem Weg zur Stimmentwicklung.\u00a0<\/p>\n<p>[\/et_pb_text][\/et_pb_column][et_pb_column type=&#8220;1_2&#8243; _builder_version=&#8220;4.16&#8243; custom_padding=&#8220;|||&#8220; global_colors_info=&#8220;{}&#8220; custom_padding__hover=&#8220;|||&#8220;][et_pb_image src=&#8220;https:\/\/gabrielalabanda.com\/wp-content\/uploads\/2021\/12\/Pierrot-Lunaire-Scho\u0308nberg-2001-rotated.jpg&#8220; title_text=&#8220;Pierrot Lunaire- Sch\u00f6nberg-2001&#8243; show_bottom_space=&#8220;off&#8220; align_tablet=&#8220;center&#8220; align_phone=&#8220;center&#8220; align_last_edited=&#8220;on|desktop&#8220; _builder_version=&#8220;4.16&#8243; custom_margin=&#8220;||0%||false|false&#8220; custom_margin_tablet=&#8220;||0px|&#8220; custom_margin_phone=&#8220;&#8220; custom_margin_last_edited=&#8220;on|tablet&#8220; animation_direction=&#8220;left&#8220; box_shadow_style=&#8220;preset3&#8243; box_shadow_blur=&#8220;80px&#8220; box_shadow_color=&#8220;rgba(143,128,114,0.27)&#8220; global_colors_info=&#8220;{}&#8220;][\/et_pb_image][et_pb_text _builder_version=&#8220;4.22.0&#8243; _module_preset=&#8220;default&#8220; background_color=&#8220;#FFFFFF&#8220; custom_margin=&#8220;10px||||false|false&#8220; global_colors_info=&#8220;{}&#8220;]<\/p>\n<h4>Theatermuseum D\u00fcsseldorf \/ Foto: Eduard Straub<\/h4>\n<p>[\/et_pb_text][et_pb_text admin_label=&#8220;Subheading&#8220; _builder_version=&#8220;4.22.0&#8243; text_font=&#8220;||||||||&#8220; text_font_size=&#8220;20px&#8220; link_font=&#8220;||||||||&#8220; ul_font=&#8220;||||||||&#8220; header_font=&#8220;||||||||&#8220; header_2_font=&#8220;||||||||&#8220; header_3_font=&#8220;||||||||&#8220; header_3_font_size=&#8220;45px&#8220; header_3_line_height=&#8220;1.5em&#8220; header_4_font=&#8220;||||||||&#8220; header_5_font=&#8220;Poppins|700||on|||||&#8220; header_5_text_color=&#8220;#ecd5c5&#8243; header_5_letter_spacing=&#8220;15px&#8220; header_5_line_height=&#8220;1.8em&#8220; background_color=&#8220;#FFFFFF&#8220; max_width_tablet=&#8220;100%&#8220; max_width_phone=&#8220;100%&#8220; max_width_last_edited=&#8220;off|desktop&#8220; module_alignment=&#8220;right&#8220; custom_margin=&#8220;|||&#8220; custom_padding=&#8220;|||&#8220; hover_enabled=&#8220;0&#8243; global_colors_info=&#8220;{}&#8220; sticky_enabled=&#8220;0&#8243;]<\/p>\n<p>Mein Ansatz basiert auf den Prinzipien der k\u00f6rperlichen Selbstorganisation, der Neurobiologie des Singens und der Stimmregeneration.\u00a0<\/p>\n<p>[\/et_pb_text][\/et_pb_column][\/et_pb_row][et_pb_row _builder_version=&#8220;4.22.0&#8243; _module_preset=&#8220;default&#8220; column_structure=&#8220;1_2,1_2&#8243;][et_pb_column _builder_version=&#8220;4.22.0&#8243; _module_preset=&#8220;default&#8220; type=&#8220;1_2&#8243;][et_pb_image src=&#8220;https:\/\/gabrielalabanda.com\/wp-content\/uploads\/2021\/12\/Il-Mondo-della-Luna-2000-.jpg&#8220; title_text=&#8220;Il Mondo della Luna -2000&#8243; show_bottom_space=&#8220;off&#8220; force_fullwidth=&#8220;on&#8220; align_tablet=&#8220;center&#8220; align_phone=&#8220;center&#8220; align_last_edited=&#8220;on|desktop&#8220; _builder_version=&#8220;4.16&#8243; locked=&#8220;off&#8220; global_colors_info=&#8220;{}&#8220;][\/et_pb_image][et_pb_text _builder_version=&#8220;4.22.0&#8243; _module_preset=&#8220;default&#8220; background_color=&#8220;#FFFFFF&#8220; custom_margin=&#8220;10px||||false|false&#8220; global_colors_info=&#8220;{}&#8220;]<\/p>\n<h4>Theatermuseum D\u00fcsseldorf \/ Foto: Eduard Straub<\/h4>\n<p>[\/et_pb_text][\/et_pb_column][et_pb_column _builder_version=&#8220;4.22.0&#8243; _module_preset=&#8220;default&#8220; type=&#8220;1_2&#8243;][et_pb_text _builder_version=&#8220;4.22.0&#8243; _module_preset=&#8220;default&#8220; hover_enabled=&#8220;0&#8243; sticky_enabled=&#8220;0&#8243; background_color=&#8220;#FFFFFF&#8220;]<\/p>\n<p>&nbsp;<\/p>\n<p>&nbsp;<\/p>\n<p>&nbsp;<\/p>\n<p>Dabei ber\u00fccksichtigt sie die Anforderungen an stimmliche Hochleistung, Stimmgesundheit sowie die Individualit\u00e4t jeder K\u00fcnstler:in.\u00a0\u00a0Gesangsunterricht zu erteilen bedeutet, aus der Komplexit\u00e4t eines jeden Falles zu lernen. Und dass dies nur m\u00f6glich ist, wenn ich meinen Sch\u00fcler, seine Stimme und den Platz, den ich auf seinem Weg habe, kennenlerne.<\/p>\n<p>Regelm\u00e4\u00dfig leitet Gabriela den Online-Workshop <b><i>Bad to Vivid Voice Days<\/i><\/b>, in dem sie S\u00e4nger:innen weltweit bei der Regeneration ihrer Stimme unterst\u00fctzt \u2013 sei es bei Reflux, Allergien, hormonellen Schwankungen oder Stimmerm\u00fcdung.<\/p>\n<p>&nbsp;<\/p>\n<p>[\/et_pb_text][\/et_pb_column][\/et_pb_row][et_pb_row _builder_version=&#8220;4.22.0&#8243; _module_preset=&#8220;default&#8220; column_structure=&#8220;1_2,1_2&#8243;][et_pb_column _builder_version=&#8220;4.22.0&#8243; _module_preset=&#8220;default&#8220; type=&#8220;1_2&#8243;][et_pb_text _builder_version=&#8220;4.22.0&#8243; _module_preset=&#8220;default&#8220; hover_enabled=&#8220;0&#8243; sticky_enabled=&#8220;0&#8243; background_color=&#8220;#FFFFFF&#8220;]<\/p>\n<p>Dar\u00fcber hinaus begleitet sie internationale S\u00e4nger:innen durch das Online-Programm \u00a0 <b><i>Sing Well When It Matters<\/i><\/b>. Dieses Programm ist eine Reise durch K\u00f6rper, Stimme, Bewegung, Nervensystem, Sinnen, Ausdruck und Emotionen, mit dem Ziel technische Pr\u00e4zision mit dem Gef\u00fchl der Leichtigkeit und Sicherheit zu pr\u00e4gen. <b><i>Sing Well When It Matters<\/i><\/b> bietet gleichzeitig Raum f\u00fcr kollegiale Vernetzung sowie den Abbau von Stigmata rund um stimmliche Herausforderungen.<\/p>\n<p>Ich erteilte Kurse und Masterclasses an argentinische Institutionen wie Teatro San Martin, Teatro Alberdi, Instituto Superior de M\u00fasica de la Universidad Nacional de Tucum\u00e1n, Universidad de Artes de la Plata und Conservatorio Superior de M\u00fasica de C\u00f3rdoba und bin Mitglied der <b>Deutschen Gesellschaft f\u00fcr Musikphysiologie und Musikermedizin (DGfMM)<\/b> und des <b>Bundesverbands Deutscher Gesangsp\u00e4dagogen (BDG)<\/b>.<\/p>\n<p>[\/et_pb_text][\/et_pb_column][et_pb_column _builder_version=&#8220;4.22.0&#8243; _module_preset=&#8220;default&#8220; type=&#8220;1_2&#8243;][et_pb_image src=&#8220;https:\/\/gabrielalabanda.com\/wp-content\/uploads\/2021\/12\/Mauricio-Kagel-Ensemble-2001-rotated.jpg&#8220; title_text=&#8220;Mauricio Kagel- Ensemble 2001&#8243; show_bottom_space=&#8220;off&#8220; align_tablet=&#8220;center&#8220; align_phone=&#8220;center&#8220; align_last_edited=&#8220;on|desktop&#8220; _builder_version=&#8220;4.16&#8243; custom_margin=&#8220;||||false|false&#8220; custom_margin_tablet=&#8220;||0px|&#8220; custom_margin_phone=&#8220;&#8220; custom_margin_last_edited=&#8220;on|tablet&#8220; animation_direction=&#8220;left&#8220; box_shadow_style=&#8220;preset3&#8243; box_shadow_blur=&#8220;80px&#8220; box_shadow_color=&#8220;rgba(143,128,114,0.27)&#8220; global_colors_info=&#8220;{}&#8220;][\/et_pb_image][et_pb_text _builder_version=&#8220;4.22.0&#8243; _module_preset=&#8220;default&#8220; background_color=&#8220;#FFFFFF&#8220; custom_margin=&#8220;10px||||false|false&#8220; global_colors_info=&#8220;{}&#8220;]<\/p>\n<h4>Theatermuseum D\u00fcsseldorf \/ Foto: Eduard Straub<\/h4>\n<p>[\/et_pb_text][\/et_pb_column][\/et_pb_row][et_pb_row _builder_version=&#8220;4.22.0&#8243; _module_preset=&#8220;default&#8220; column_structure=&#8220;1_2,1_2&#8243;][et_pb_column _builder_version=&#8220;4.22.0&#8243; _module_preset=&#8220;default&#8220; type=&#8220;1_2&#8243;][et_pb_gallery _builder_version=&#8220;4.22.0&#8243; _module_preset=&#8220;default&#8220; gallery_ids=&#8220;4042,4018,4000,4045,3982,4062,4065,4074,4077,4080,4086,4068,4053,3866&#8243; hover_enabled=&#8220;0&#8243; sticky_enabled=&#8220;0&#8243; show_title_and_caption=&#8220;off&#8220;][\/et_pb_gallery][\/et_pb_column][et_pb_column _builder_version=&#8220;4.22.0&#8243; _module_preset=&#8220;default&#8220; type=&#8220;1_2&#8243;][et_pb_text _builder_version=&#8220;4.22.0&#8243; _module_preset=&#8220;default&#8220; hover_enabled=&#8220;0&#8243; sticky_enabled=&#8220;0&#8243; background_color=&#8220;#FFFFFF&#8220;]<\/p>\n<p>Ausserdem, bin ich eine franz\u00f6sisch-spanische Argentinierin in D\u00fcsseldorf&#8230; komme aus einer gro\u00dfen Familie, habe sechs Geschwister und mag daher lange Tische mit sich lebhaft-unterhaltende Menschen \ud83d\ude42 Wenn ich nicht mit S\u00e4nger*innen arbeite, male und arbeite gerne im Garten, mit Blumen und Pflanzen. Seit 1999 lebe ich zwischen Deutschland und Argentinien mit meiner kleinen Familie.<\/p>\n<h4>Fotos: Esteban Dominguez, Eddie Straub &amp; Anne Orten<\/h4>\n<p>&nbsp;<\/p>\n<p>[\/et_pb_text][\/et_pb_column][\/et_pb_row][\/et_pb_section]<\/p>\n","protected":false},"excerpt":{"rendered":"<p>&nbsp; Meine s\u00e4ngerische Laufbahn begann viel fr\u00fcher als meine Ausbildung als S\u00e4ngerin, aber das erz\u00e4hle ich ein anderes mal&#8230; Ich studierte Opern- und Konzertgesang in Buenos Aires, Argentinien und war Stipendiatin der Stiftung Leonor Hirsch, Antorchas und Camping Musical Bariloche. Ein Engagement an der Deutschen Oper am Rhein brachte mich 1999 nach D\u00fcsseldorf, wo ich [&hellip;]<\/p>\n","protected":false},"author":1,"featured_media":0,"parent":0,"menu_order":0,"comment_status":"closed","ping_status":"closed","template":"","meta":{"_et_pb_use_builder":"on","_et_pb_old_content":"","_et_gb_content_width":"","footnotes":""},"class_list":["post-3212","page","type-page","status-publish","hentry"],"_links":{"self":[{"href":"https:\/\/gabrielalabanda.com\/de\/wp-json\/wp\/v2\/pages\/3212","targetHints":{"allow":["GET"]}}],"collection":[{"href":"https:\/\/gabrielalabanda.com\/de\/wp-json\/wp\/v2\/pages"}],"about":[{"href":"https:\/\/gabrielalabanda.com\/de\/wp-json\/wp\/v2\/types\/page"}],"author":[{"embeddable":true,"href":"https:\/\/gabrielalabanda.com\/de\/wp-json\/wp\/v2\/users\/1"}],"replies":[{"embeddable":true,"href":"https:\/\/gabrielalabanda.com\/de\/wp-json\/wp\/v2\/comments?post=3212"}],"version-history":[{"count":23,"href":"https:\/\/gabrielalabanda.com\/de\/wp-json\/wp\/v2\/pages\/3212\/revisions"}],"predecessor-version":[{"id":4105,"href":"https:\/\/gabrielalabanda.com\/de\/wp-json\/wp\/v2\/pages\/3212\/revisions\/4105"}],"wp:attachment":[{"href":"https:\/\/gabrielalabanda.com\/de\/wp-json\/wp\/v2\/media?parent=3212"}],"curies":[{"name":"wp","href":"https:\/\/api.w.org\/{rel}","templated":true}]}}