{"id":439,"date":"2022-01-11T17:16:10","date_gmt":"2022-01-11T17:16:10","guid":{"rendered":"https:\/\/gabrielalabanda.com\/?page_id=439"},"modified":"2022-01-14T16:39:15","modified_gmt":"2022-01-14T16:39:15","slug":"aviso-legal","status":"publish","type":"page","link":"https:\/\/gabrielalabanda.com\/es\/aviso-legal","title":{"rendered":"Aviso Legal"},"content":{"rendered":"\n<figure class=\"wp-block-table\"><table><tbody><tr><td>Informaci\u00f3n b\u00e1sica sobre protecci\u00f3n de datos<\/td><\/tr><tr><td>Responsable del tratamiento<\/td><td>GABRIELA LABANDA<\/td><\/tr><tr><td>Finalidad del tratamiento<\/td><td>Navegaci\u00f3n por la web y mejora de la experiencia del usuario.<\/td><\/tr><tr><td>Legitimaci\u00f3n para el tratamiento de sus datos personales<\/td><td>Consentimiento del interesado, inter\u00e9s leg\u00edtimo del responsable.<\/td><\/tr><tr><td>Destinatarios<\/td><td>Pueden realizarse comunicaciones a terceros de los datos personales de los usuarios, previa solicitud de su consentimiento expreso para ello, salvo obligaci\u00f3n legal o ejecuciones de contratos.<\/td><\/tr><tr><td>Derechos<\/td><td>Puede ejercer los derechos de acceso, rectificaci\u00f3n, supresi\u00f3n, limitaci\u00f3n del tratamiento, portabilidad, oposici\u00f3n y a no ser objeto de decisiones automatizadas, incluyendo la elaboraci\u00f3n de perfiles.<\/td><\/tr><tr><td>Informaci\u00f3n adicional<\/td><td>Puede consultar informaci\u00f3n adicional y detallada sobre protecci\u00f3n de datos en el presente Aviso legal, en nuestra <a href=\"\/politica-de-privacidad\">Pol\u00edtica de Privacidad<\/a>, en la <a href=\"\/politica-de-cookies\">Pol\u00edtica de <em>Cookies<\/em><\/a> y en los <a href=\"\/terminos-y-condiciones\">T\u00e9rminos y condiciones<\/a> del presente sitio web.<\/td><\/tr><\/tbody><\/table><\/figure>\n\n\n\n<p>En virtud del presente Aviso Legal, se le informa de que el titular de este sitio web con dominio <a href=\"https:\/\/gabrielalabanda.com\">https:\/\/gabrielalabanda.com<\/a> es:<\/p>\n\n\n\n<ul class=\"wp-block-list\"><li><strong>Identificaci\u00f3n del titular del sitio web:<\/strong> GABRIELA LABANDA<\/li><li><strong>N.I.F.:<\/strong> 103\/5129\/4403<\/li><li><strong>Domicilio\/Domicilio social:<\/strong> ANRATHER WEG, N.\u00ba 10<\/li><li><strong>C\u00f3digo postal y poblaci\u00f3n:<\/strong> 40547, D\u00dcSSELDORF, RENANIA DEL NORTE, WESTFALIA<\/li><li>Direcci\u00f3n de correo electr\u00f3nico: <a href=\"mailto:contact@gabrielalabanda.com\">contact@gabrielalabanda.com<\/a><\/li><li>Tel\u00e9fono: +1 681-658-2775<\/li><\/ul>\n\n\n\n<p>Si desea obtener m\u00e1s informaci\u00f3n sobre nuestras pol\u00edticas en materia de protecci\u00f3n de datos, puede ponerse en contacto con nosotros a trav\u00e9s de la direcci\u00f3n de correo electr\u00f3nico <a href=\"mailto:contact@gabrielalabanda.com\">contact@gabrielalabanda.com<\/a> o visitar los siguientes enlaces:<\/p>\n\n\n\n<ul class=\"wp-block-list\"><li><a href=\"\/terminos-y-condiciones\">T\u00e9rminos y condiciones<\/a><\/li><li><a href=\"\/politica-de-cookies\">Pol\u00edtica de <em>Cookies<\/em><\/a> <\/li><li><a href=\"\/politica-de-privacidad\">Pol\u00edtica de Privacidad<\/a> <\/li><\/ul>\n\n\n\n<p>Para otras cuestiones en este \u00e1mbito, puede visitar la web de la Agencia Espa\u00f1ola de Protecci\u00f3n de Datos (AEPD): <strong><a href=\"https:\/\/www.aepd.es\/es\">https:\/\/www.aepd.es\/es<\/a><\/strong>.<\/p>\n\n\n\n<p>Por \u00faltimo, se han utilizado para las im\u00e1genes parte de la obra de la fot\u00f3grafa Anne Orthen (retratos actuales), del Theatermuseum D\u00fcsseldorf y del fot\u00f3grafo Eduard Straub (por las fotos del \u201csobre m\u00ed\u201d). Las fotos de arte son de Adobe Stock.<\/p>\n","protected":false},"excerpt":{"rendered":"<p>Informaci\u00f3n b\u00e1sica sobre protecci\u00f3n de datos Responsable del tratamiento GABRIELA LABANDA Finalidad del tratamiento Navegaci\u00f3n por la web y mejora de la experiencia del usuario. Legitimaci\u00f3n para el tratamiento de sus datos personales Consentimiento del interesado, inter\u00e9s leg\u00edtimo del responsable. Destinatarios Pueden realizarse comunicaciones a terceros de los datos personales de los usuarios, previa solicitud [&hellip;]<\/p>\n","protected":false},"author":1,"featured_media":0,"parent":0,"menu_order":0,"comment_status":"closed","ping_status":"closed","template":"","meta":{"_et_pb_use_builder":"off","_et_pb_old_content":"","_et_gb_content_width":"","footnotes":""},"class_list":["post-439","page","type-page","status-publish","hentry"],"_links":{"self":[{"href":"https:\/\/gabrielalabanda.com\/es\/wp-json\/wp\/v2\/pages\/439","targetHints":{"allow":["GET"]}}],"collection":[{"href":"https:\/\/gabrielalabanda.com\/es\/wp-json\/wp\/v2\/pages"}],"about":[{"href":"https:\/\/gabrielalabanda.com\/es\/wp-json\/wp\/v2\/types\/page"}],"author":[{"embeddable":true,"href":"https:\/\/gabrielalabanda.com\/es\/wp-json\/wp\/v2\/users\/1"}],"replies":[{"embeddable":true,"href":"https:\/\/gabrielalabanda.com\/es\/wp-json\/wp\/v2\/comments?post=439"}],"version-history":[{"count":5,"href":"https:\/\/gabrielalabanda.com\/es\/wp-json\/wp\/v2\/pages\/439\/revisions"}],"predecessor-version":[{"id":535,"href":"https:\/\/gabrielalabanda.com\/es\/wp-json\/wp\/v2\/pages\/439\/revisions\/535"}],"wp:attachment":[{"href":"https:\/\/gabrielalabanda.com\/es\/wp-json\/wp\/v2\/media?parent=439"}],"curies":[{"name":"wp","href":"https:\/\/api.w.org\/{rel}","templated":true}]}}