{"id":445,"date":"2022-01-11T17:19:28","date_gmt":"2022-01-11T17:19:28","guid":{"rendered":"https:\/\/gabrielalabanda.com\/?page_id=445"},"modified":"2022-01-11T17:22:15","modified_gmt":"2022-01-11T17:22:15","slug":"politica-de-privacidad","status":"publish","type":"page","link":"https:\/\/gabrielalabanda.com\/es\/politica-de-privacidad","title":{"rendered":"Pol\u00edtica de privacidad"},"content":{"rendered":"\n<figure class=\"wp-block-table\"><table><tbody><tr><td>Informaci\u00f3n b\u00e1sica sobre protecci\u00f3n de datos<\/td><\/tr><tr><td>Responsable del tratamiento<\/td><td>GABRIELA LABANDA<\/td><\/tr><tr><td>Finalidad del tratamiento<\/td><td>Navegaci\u00f3n por la web y mejora de la experiencia del usuario.<\/td><\/tr><tr><td>Legitimaci\u00f3n para el tratamiento de sus datos personales<\/td><td>Consentimiento del interesado, inter\u00e9s leg\u00edtimo del responsable.<\/td><\/tr><tr><td>Destinatarios<\/td><td>Pueden realizarse comunicaciones a terceros de los datos personales de los usuarios, previa solicitud de su consentimiento expreso para ello, salvo obligaci\u00f3n legal o ejecuciones de contratos.<\/td><\/tr><tr><td>Derechos<\/td><td>Puede ejercer los derechos de acceso, rectificaci\u00f3n, supresi\u00f3n, limitaci\u00f3n del tratamiento, portabilidad, oposici\u00f3n y a no ser objeto de decisiones automatizadas, incluyendo la elaboraci\u00f3n de perfiles.<\/td><\/tr><tr><td>Informaci\u00f3n adicional<\/td><td>Puede consultar informaci\u00f3n adicional y detallada sobre protecci\u00f3n de datos en la presente Pol\u00edtica de Privacidad, en nuestro <a href=\"\/aviso-legal\">Aviso legal<\/a>, en la <a href=\"\/politica-de-cookies\">Pol\u00edtica de <em>Cookies<\/em><\/a> y en los <a href=\"\/terminos-y-condiciones\">T\u00e9rminos y condiciones<\/a> del presente sitio web.<\/td><\/tr><\/tbody><\/table><\/figure>\n\n\n\n<p>En cumplimiento de lo dispuesto en la actual legislaci\u00f3n en materia de protecci\u00f3n de datos de car\u00e1cter personal, le informamos de que, a trav\u00e9s de la aceptaci\u00f3n de la presente Pol\u00edtica de Privacidad, usted facilita sus datos personales de forma voluntaria y no obligatoria y consiente de forma inequ\u00edvoca y expresa el tratamiento por parte de GABRIELA LABANDA \u2014en calidad de Responsable del Tratamiento\u2014 de los datos personales recabados u obtenidos (principalmente, mediante formularios o enlaces de correo electr\u00f3nico) a trav\u00e9s de este sitio web con dominio <a href=\"https:\/\/gabrielalabanda.com\">https:\/\/gabrielalabanda.com<\/a>.<\/p>\n\n\n\n<p>En GABRIELA LABANDA protegemos sus datos personales de acuerdo con la normativa vigente y nuestras pol\u00edticas internas en materia de privacidad de datos. En este sentido, mantenemos las medidas t\u00e9cnicas y organizativas apropiadas para proteger sus datos personales contra el tratamiento no autorizado o ilegal y\/o contra la p\u00e9rdida, alteraci\u00f3n, divulgaci\u00f3n o acceso accidentales, as\u00ed como contra su destrucci\u00f3n accidental o il\u00edcita y contra cualquier da\u00f1o.<\/p>\n\n\n\n<h2 class=\"wp-block-heading\">2.1 \u00bfQui\u00e9n trata sus datos?<\/h2>\n\n\n\n<p>Los datos de car\u00e1cter personal que se pudieran recabar por el uso del presente sitio web ser\u00e1n tratados de forma confidencial por:<\/p>\n\n\n\n<ul class=\"wp-block-list\"><li><strong>Identificaci\u00f3n del titular del sitio web:<\/strong> GABRIELA LABANDA<\/li><li><strong>N.I.F.:<\/strong> 103\/5129\/4403<\/li><li><strong>Domicilio\/Domicilio social:<\/strong> ANRATHER WEG, N.\u00ba 10<\/li><li><strong>C\u00f3digo postal y poblaci\u00f3n:<\/strong> 40547, D\u00dcSSELDORF, RENANIA DEL NORTE, WESTFALIA<\/li><li>Direcci\u00f3n de correo electr\u00f3nico: <a href=\"mailto:contact@gabrielalabanda.com\">contact@gabrielalabanda.com<\/a><\/li><li>Tel\u00e9fono: +1 681-658-2775<\/li><\/ul>\n\n\n\n<p>Puede consultar informaci\u00f3n adicional relativa al responsable de este sitio web en nuestro Aviso Legal. [ENLAZAR PESTA\u00d1A AVISO LEGAL]<\/p>\n\n\n\n<h2 class=\"wp-block-heading\">2.2 \u00bfQu\u00e9 datos tratamos?<\/h2>\n\n\n\n<p>Los datos de car\u00e1cter personal pueden ser diversos e, incluyen, entre muchos otros, direcciones de correo electr\u00f3nico, direcciones IP, nombres y apellidos, direcciones postales, n\u00fameros de tel\u00e9fono\u2026<\/p>\n\n\n\n<p>A trav\u00e9s de esta p\u00e1gina web, en GABRIELA LABANDA recabamos o recibimos datos personales de los usuarios que nos visitan y\/o interact\u00faan con la misma. En algunos casos, los datos de car\u00e1cter personal son facilitados directamente por el usuario (p. ej.: su direcci\u00f3n de correo electr\u00f3nico, mediante la suscripci\u00f3n al bolet\u00edn de noticias, o la informaci\u00f3n ofrecida por medio de las comunicaciones enviadas a trav\u00e9s del formulario de contacto). En otros, los datos se obtienen de manera indirecta (p. ej.: con finalidades estad\u00edsticas para poder analizar el uso realizado del presente sitio web o su IP para gestionar la sesi\u00f3n).<\/p>\n\n\n\n<h2 class=\"wp-block-heading\">2.3 \u00bfCon qu\u00e9 finalidades tratamos sus datos?<\/h2>\n\n\n\n<p>Las finalidades del tratamiento de sus datos personales, recabados a trav\u00e9s de la navegaci\u00f3n por esta p\u00e1gina web, son:<\/p>\n\n\n\n<ul class=\"wp-block-list\"><li>El mantenimiento y la gesti\u00f3n de las relaciones de GABRIELA LABANDA con los usuarios.<\/li><li>En su caso, la realizaci\u00f3n de labores comerciales y de actividades promocionales y publicitarias (facilitando a los interesados ofertas de productos y servicios de su inter\u00e9s), en el marco de los servicios ofrecidos o prestados por GABRIELA LABANDA y siempre bajo la solicitud previa de su consentimiento expreso para ello.<\/li><li>Gesti\u00f3n de las comunicaciones y del env\u00edo de informaci\u00f3n que hayan sido solicitadas por el usuario, cuando corresponda.<\/li><\/ul>\n\n\n\n<p>Cuando proceda, las actividades promocionales se llevar\u00e1n a cabo por medio del env\u00edo de comunicaciones comerciales a trav\u00e9s de correo electr\u00f3nico o de medios de comunicaci\u00f3n electr\u00f3nica equivalentes. Para ello, usted deber\u00e1 prestar su consentimiento expreso marcando la casilla \u00abAcepto\u00bb cuando, mediante cualquier clase de formulario, desde GABRIELA LABANDA le solicitemos datos personales (p. ej.: su direcci\u00f3n de correo electr\u00f3nico) con el fin de proceder a enviarle comunicaciones electr\u00f3nicas de car\u00e1cter comercial. Igualmente, en caso de que usted desee revocar el consentimiento prestado para esta finalidad, deber\u00e1 dirigirse a GABRIELA LABANDA a trav\u00e9s del correo electr\u00f3nico <a href=\"mailto:contact@gabrielalabanda.com\">contact@gabrielalabanda.com<\/a> haciendo constar su voluntad de dejar de recibir comunicaciones comerciales v\u00eda electr\u00f3nica o an\u00e1loga.<\/p>\n\n\n\n<p>No trataremos sus datos de manera incompatible con las finalidades indicadas \u2014salvo que usted otorgue su consentimiento expreso para los nuevos fines y previa informaci\u00f3n al respecto\u2014 ni tomaremos decisiones automatizadas con base en su perfil.<\/p>\n\n\n\n<h2 class=\"wp-block-heading\">2.4 \u00bfDurante cu\u00e1nto tiempo conservaremos sus datos?<\/h2>\n\n\n\n<p>Sus datos de car\u00e1cter personal podr\u00e1n ser conservados mientras resulten de utilidad para los fines que motivaron su obtenci\u00f3n (se\u00f1alados en el punto anterior), para determinar las posibles responsabilidades que se pudieran derivar de la finalidad y, en todo caso, siempre que usted no haya solicitado su eliminaci\u00f3n. No mantendremos sus datos m\u00e1s tiempo del necesario, respetando siempre lo dispuesto en la normativa vigente en materia de protecci\u00f3n de datos de car\u00e1cter personal.<\/p>\n\n\n\n<p>Con relaci\u00f3n a los datos personales obtenidos por la gesti\u00f3n de las cookies que emplea el presente sitio web, puede consultar nuestra <a href=\"\/politica-de-cookies\">Pol\u00edtica de <em>Cookies<\/em><\/a>.<\/p>\n\n\n\n<h2 class=\"wp-block-heading\">2.5 \u00bfCu\u00e1l es la base jur\u00eddica (legitimaci\u00f3n) para el tratamiento de sus datos?<\/h2>\n\n\n\n<p>La base jur\u00eddica para proceder al tratamiento de sus datos personales es su consentimiento inequ\u00edvoco, el cual puede retirar cuando estime oportuno, sin que ello afecte a la licitud del tratamiento basado en el consentimiento previo a su retirada. Asimismo, algunos tratamientos podr\u00e1n basarse en el inter\u00e9s leg\u00edtimo de GABRIELA LABANDA o de terceros (p. ej.: para mejorar nuestros servicios, garantizar la seguridad de la red y de la informaci\u00f3n y\/u ofrecerle publicidad personalizada cuando usted lo acepte).<\/p>\n\n\n\n<h2 class=\"wp-block-heading\">2.6 \u00bfVan a cederse sus datos a terceros (destinatarios)?<\/h2>\n\n\n\n<p>Los datos de car\u00e1cter personal recabados a trav\u00e9s del presente sitio web no ser\u00e1n cedidos o comunicados a terceros, salvo obligaci\u00f3n legal, ejecuciones de contratos en los que resulte necesario o, en todo caso, previa informaci\u00f3n y solicitud de su consentimiento expreso para ello (por ejemplo \u2014y cuando corresponda\u2014, para la gesti\u00f3n de las <em>cookies <\/em>o para la tramitaci\u00f3n de pedidos y servicios, se\u00f1al\u00e1ndose los terceros correspondientes en cada caso), a excepci\u00f3n de aquellos casos en los que no sea necesaria su obtenci\u00f3n debido a que la prestaci\u00f3n de los servicios ofertados requiera necesariamente la conexi\u00f3n con ficheros de terceros.<\/p>\n\n\n\n<p>A este respecto, nuestra p\u00e1gina web es gestionada por una empresa externa de inform\u00e1tica, cuya legitimidad para el tratamiento de datos de los usuarios es la ejecuci\u00f3n del contrato del encargo y\/o de prestaci\u00f3n de servicios.<\/p>\n\n\n\n<p>En ning\u00fan caso sus datos ser\u00e1n transferidos por parte de GABRIELA LABANDA a terceros pa\u00edses.<\/p>\n\n\n\n<p>Por otra parte, este sitio web puede contener enlaces a sitios web de terceros, cuyas pol\u00edticas de privacidad son ajenas a la de GABRIELA LABANDA. Al acceder a tales sitios web, usted puede decidir si acepta sus pol\u00edticas de privacidad y de cookies.<\/p>\n\n\n\n<p>En el caso de las <em>cookies<\/em> de terceros, puede consultar sus pol\u00edticas de privacidad a trav\u00e9s de la tabla de <a href=\"\/politica-de-cookies\"><em>cookies<\/em> <\/a> empleadas por este sitio web.<\/p>\n\n\n\n<h2 class=\"wp-block-heading\">2.7 \u00bfCu\u00e1les son sus derechos en materia de protecci\u00f3n de datos y c\u00f3mo puede ejercerlos?<\/h2>\n\n\n\n<p>En caso de que est\u00e9 interesado\/a, podr\u00e1 ejercitar los derechos que, como titular de sus datos personales, le asisten en virtud de la actual normativa en materia de protecci\u00f3n de datos de car\u00e1cter personal, tales como:<\/p>\n\n\n\n<ul class=\"wp-block-list\"><li>Derecho a solicitar el acceso a sus datos personales. Cualquier persona tiene derecho a obtener confirmaci\u00f3n sobre si en GABRIELA LABANDA estamos o no tratando datos personales que le conciernan; asimismo, las personas interesadas tienen derecho a acceder a sus datos personales, si disponemos de ellos.<\/li><li>Derecho a solicitar la rectificaci\u00f3n de los datos inexactos o, en su caso, solicitar su supresi\u00f3n cuando, entre otros motivos, ya no sean necesarios para los fines que fueron recogidos.<\/li><li>Derecho a solicitar la limitaci\u00f3n de su tratamiento. En determinadas circunstancias, las personas interesadas podr\u00e1n solicitar la limitaci\u00f3n del tratamiento de sus datos, en cuyo caso \u00fanicamente los conservaremos para el ejercicio o la defensa de reclamaciones y el cumplimiento de obligaciones legales y fiscales, seg\u00fan corresponda.<\/li><li>Derecho a oponerse al tratamiento. En ciertas situaciones y por motivos relacionados con su situaci\u00f3n particular, las personas interesadas podr\u00e1n oponerse al tratamiento de sus datos. Dejaremos de tratarlos, salvo por motivos leg\u00edtimos imperiosos y\/o el ejercicio o la defensa de posibles reclamaciones.<\/li><li>Derecho a la portabilidad de los datos. Las personas podr\u00e1n obtener los datos que hayan proporcionado a GABRIELA LABANDA (como responsable del tratamiento) en un formato estructurado, de uso com\u00fan y de lectura mec\u00e1nica, pudiendo igualmente solicitar su transmisi\u00f3n a otra empresa, siempre que ello sea t\u00e9cnicamente posible, que el tratamiento de datos se efect\u00fae por medios automatizados y se base en el consentimiento o en un contrato y que los datos correspondientes hayan sido proporcionados por el propio usuario y le conciernan.<\/li><li>Derecho a no ser objeto de decisiones automatizadas, incluyendo la elaboraci\u00f3n de perfiles, para evitar que ser objeto de este tipo de decisiones cuando las mismas tienen efectos jur\u00eddicos o afecten significativamente al usuario de manera similar, teniendo en cuenta las excepciones y limitaciones previstas por ley.<\/li><\/ul>\n\n\n\n<p>De igual modo, tendr\u00e1 derecho a retirar o revocar el consentimiento prestado inicialmente para el tratamiento de sus datos personales \u2014sin que ello afecte a la licitud del tratamiento basado en el consentimiento previo a su retirada\u2014, as\u00ed como a presentar las oportunas reclamaciones para la defensa de sus derechos ante la Agencia Espa\u00f1ola de Protecci\u00f3n de Datos (AEPD).<\/p>\n\n\n\n<p>Podr\u00e1 llevar a cabo el ejercicio de los mencionados derechos mediante solicitud escrita y firmada dirigida a la atenci\u00f3n del Responsable del Tratamiento, a trav\u00e9s de alguna de estas dos opciones:<\/p>\n\n\n\n<ul class=\"wp-block-list\"><li>Correo postal:ANRATHER WEG, N.\u00ba 10, 40547, D\u00dcSSELDORF, RENANIA DEL NORTE, WESTFALIA<\/li><li>Correo electr\u00f3nico: <a href=\"mailto:contact@gabrielalabanda.com\">contact@gabrielalabanda.com<\/a> <strong><\/strong><\/li><\/ul>\n\n\n\n<p>En dicha solicitud, deber\u00e1 indicar:<\/p>\n\n\n\n<ul class=\"wp-block-list\"><li>La petici\u00f3n o derecho que ejercita.<\/li><li>Si es necesario, la documentaci\u00f3n en que se fundamenta.<\/li><li>Su nombre y apellidos.<\/li><li>Un domicilio y\/o direcci\u00f3n de correo electr\u00f3nico a efectos de notificaciones.<\/li><li>Una copia completa de su N.I.F., pasaporte o documento de identidad equivalente.<\/li><\/ul>\n\n\n\n<p>Respecto al ejercicio de sus derechos, puede obtener m\u00e1s informaci\u00f3n en el siguiente enlace (AEPD): <a href=\"https:\/\/www.aepd.es\/es\/derechos-y-deberes\/conoce-tus-derechos\">https:\/\/www.aepd.es\/es\/derechos-y-deberes\/conoce-tus-derechos<\/a>.<\/p>\n\n\n\n<h2 class=\"wp-block-heading\">2.8 \u00bfEl titular de este sitio web tiene redes sociales? \u00bfPuede tratar mis datos a trav\u00e9s de las mismas?<\/h2>\n\n\n\n<p>En GABRIELA LABANDA tenemos o podr\u00edamos disponer de perfiles abiertos en las principales redes sociales (Facebook, Twitter, LinkedIn\u2026), siendo considerados responsables del tratamiento de los datos personales que tratemos de los usuarios de nuestras redes sociales y\/o de los seguidores que tengamos en las mismas. El tratamiento que llevaremos a cabo sobre dichos datos ser\u00e1 el que la red social permita a los perfiles empresariales dentro de sus pol\u00edticas de uso y privacidad. As\u00ed pues, desde GABRIELA LABANDA podremos informar a nuestros usuarios\/seguidores, por cualquier v\u00eda que la red social nos permita, sobre nuestras actividades, nuevos productos, actos y eventos, as\u00ed como acerca de ofertas y todo tipo de servicios.<\/p>\n\n\n\n<p>En GABRIELA LABANDA no extraeremos datos de las redes sociales, a menos que dicha obtenci\u00f3n de los mismos se realizase de forma puntual y mediando el previo consentimiento informado y expreso de los usuarios.<\/p>\n\n\n\n<h2 class=\"wp-block-heading\">2.9 \u00bfC\u00f3mo puede saber si se encuentra en un entorno seguro?<\/h2>\n\n\n\n<p>El presente sitio web puede disponer del Certificado SSL (Secure Socket Layer) para garantizar la seguridad en la transmisi\u00f3n de datos entre su navegador y nuestra p\u00e1gina. Esto significa que la navegaci\u00f3n y conexi\u00f3n en esta \u00faltima se ofrece mediante un servidor seguro, permitiendo que la informaci\u00f3n se transmita de forma cifrada y que s\u00f3lo pueda ser sea inteligible para el dispositivo del usuario y el titular del sitio web. En este sentido, al emplear el protocolo SSL se garantiza que el usuario comunica sus datos al centro servidor del presente sitio web (y no a cualquier otro) y se evita la posible lectura o manipulaci\u00f3n de los datos transmitidos por el usuario por parte de terceros.<\/p>\n\n\n\n<p>Para verificar que usted se encuentra en un entorno seguro, puede elegir una de estas opciones:<\/p>\n\n\n\n<ul class=\"wp-block-list\"><li>Revisar que la direcci\u00f3n de la p\u00e1gina web en cuesti\u00f3n comienza por <em>https:\/\/<\/em><\/li><li>Observar que aparece el icono de un candado en la barra de direcci\u00f3n de su navegador<\/li><li>Verificar la presencia del certificado SSL comprobando las propiedades del sitio web en su navegador, consultando las caracter\u00edsticas del mismo.<\/li><\/ul>\n\n\n\n<p><strong>2.10 \u00bf<u>Existen otras cuestiones que, como usuario, deba conocer<\/u>?<\/strong><\/p>\n\n\n\n<p>En GABRIELA LABANDA nos reservamos el derecho a modificar la presente Pol\u00edtica de Privacidad de conformidad con las posibles variaciones que pueda experimentar la Ley, siendo dichos cambios introducidos con la antelaci\u00f3n suficiente para dar cumplimiento tanto a la normativa en materia de protecci\u00f3n de datos personales como a los criterios adoptados y seguidos por la Agencia Espa\u00f1ola de Protecci\u00f3n de Datos (AEPD).<\/p>\n\n\n\n<p>Si desea obtener m\u00e1s informaci\u00f3n sobre nuestras pol\u00edticas en materia de protecci\u00f3n de datos, puede ponerse en contacto con nosotros a trav\u00e9s de la direcci\u00f3n de correo electr\u00f3nico <a href=\"mailto:contact@gabrielalabanda.com\">contact@gabrielalabanda.com<\/a> o visitar los siguientes enlaces:<\/p>\n\n\n\n<ul class=\"wp-block-list\"><li><a href=\"\/aviso-legal\">Aviso legal<\/a> <\/li><li><a href=\"\/politica-de-cookies\">Pol\u00edtica de <em>Cookies<\/em><\/a> <\/li><li><a href=\"\/terminos-y-condiciones\">T\u00e9rminos y condiciones<\/a> <\/li><\/ul>\n\n\n\n<p>Para otras cuestiones en este \u00e1mbito, puede visitar la web de la Agencia Espa\u00f1ola de Protecci\u00f3n de Datos (AEPD): <strong><a href=\"https:\/\/www.aepd.es\/es\">https:\/\/www.aepd.es\/es<\/a><\/strong>.<\/p>\n","protected":false},"excerpt":{"rendered":"<p>Informaci\u00f3n b\u00e1sica sobre protecci\u00f3n de datos Responsable del tratamiento GABRIELA LABANDA Finalidad del tratamiento Navegaci\u00f3n por la web y mejora de la experiencia del usuario. Legitimaci\u00f3n para el tratamiento de sus datos personales Consentimiento del interesado, inter\u00e9s leg\u00edtimo del responsable. Destinatarios Pueden realizarse comunicaciones a terceros de los datos personales de los usuarios, previa solicitud [&hellip;]<\/p>\n","protected":false},"author":1,"featured_media":0,"parent":0,"menu_order":0,"comment_status":"closed","ping_status":"closed","template":"","meta":{"_et_pb_use_builder":"off","_et_pb_old_content":"","_et_gb_content_width":"","footnotes":""},"class_list":["post-445","page","type-page","status-publish","hentry"],"_links":{"self":[{"href":"https:\/\/gabrielalabanda.com\/es\/wp-json\/wp\/v2\/pages\/445","targetHints":{"allow":["GET"]}}],"collection":[{"href":"https:\/\/gabrielalabanda.com\/es\/wp-json\/wp\/v2\/pages"}],"about":[{"href":"https:\/\/gabrielalabanda.com\/es\/wp-json\/wp\/v2\/types\/page"}],"author":[{"embeddable":true,"href":"https:\/\/gabrielalabanda.com\/es\/wp-json\/wp\/v2\/users\/1"}],"replies":[{"embeddable":true,"href":"https:\/\/gabrielalabanda.com\/es\/wp-json\/wp\/v2\/comments?post=445"}],"version-history":[{"count":2,"href":"https:\/\/gabrielalabanda.com\/es\/wp-json\/wp\/v2\/pages\/445\/revisions"}],"predecessor-version":[{"id":451,"href":"https:\/\/gabrielalabanda.com\/es\/wp-json\/wp\/v2\/pages\/445\/revisions\/451"}],"wp:attachment":[{"href":"https:\/\/gabrielalabanda.com\/es\/wp-json\/wp\/v2\/media?parent=445"}],"curies":[{"name":"wp","href":"https:\/\/api.w.org\/{rel}","templated":true}]}}