{"id":82,"date":"2021-12-19T12:09:05","date_gmt":"2021-12-19T12:09:05","guid":{"rendered":"https:\/\/gabrielalabanda.com\/?page_id=82"},"modified":"2022-04-05T19:22:57","modified_gmt":"2022-04-05T18:22:57","slug":"terapia-de-la-voz-del-cantante","status":"publish","type":"page","link":"https:\/\/gabrielalabanda.com\/es\/terapia-de-la-voz-del-cantante","title":{"rendered":"Terapia de la voz del cantante"},"content":{"rendered":"<p>[et_pb_section fb_built=\u00bb1&#8243; fullwidth=\u00bbon\u00bb admin_label=\u00bbHeader\u00bb _builder_version=\u00bb4.14.7&#8243; custom_padding=\u00bb0px|0|0px|0px|false|false\u00bb top_divider_style=\u00bbarrow3&#8243; top_divider_color=\u00bbrgba(255,255,255,0.3)\u00bb top_divider_height=\u00bb100%\u00bb top_divider_repeat=\u00bb1.5x\u00bb bottom_divider_color=\u00bbrgba(255,255,255,0.33)\u00bb bottom_divider_height=\u00bb500px\u00bb global_colors_info=\u00bb{}\u00bb][et_pb_fullwidth_header title=\u00bbTerapia de la voz del cantante\u00bb subhead=\u00bbSi sufres de problemas vocales\u00bb header_fullscreen=\u00bbon\u00bb header_scroll_down=\u00bbon\u00bb background_overlay_color=\u00bbrgba(25,45,63,0.75)\u00bb content_orientation=\u00bbbottom\u00bb content_max_width=\u00bb70%\u00bb content_max_width_tablet=\u00bb100%\u00bb content_max_width_phone=\u00bb\u00bb content_max_width_last_edited=\u00bbon|phone\u00bb _builder_version=\u00bb4.14.7&#8243; title_level=\u00bbh2&#8243; title_font=\u00bb||||||||\u00bb title_text_align=\u00bbleft\u00bb title_text_color=\u00bb#f5eadb\u00bb title_font_size=\u00bb3.75vw\u00bb title_line_height=\u00bb0.5em\u00bb content_font=\u00bb||||||||\u00bb content_text_color=\u00bb#f5eadb\u00bb content_font_size=\u00bb18px\u00bb content_line_height=\u00bb1.9em\u00bb subhead_font=\u00bb|700||on|||||\u00bb subhead_text_align=\u00bbleft\u00bb subhead_text_color=\u00bb#d09a6b\u00bb subhead_font_size=\u00bb16px\u00bb subhead_letter_spacing=\u00bb6px\u00bb subhead_line_height=\u00bb4.5em\u00bb background_enable_color=\u00bboff\u00bb background_image=\u00bbhttps:\/\/gabrielalabanda.com\/wp-content\/uploads\/2022\/01\/ao_21-834-36_SW-scaled.jpg\u00bb background_position=\u00bbtop_right\u00bb custom_button_one=\u00bbon\u00bb button_one_text_size=\u00bb14px\u00bb button_one_text_color=\u00bb#000000&#8243; button_one_bg_color=\u00bb#ffffff\u00bb button_one_border_width=\u00bb14px\u00bb button_one_border_color=\u00bb#ffffff\u00bb button_one_border_radius=\u00bb0px\u00bb button_one_letter_spacing=\u00bb4px\u00bb button_one_font=\u00bbPoppins|500||on|||||\u00bb custom_margin=\u00bb|||\u00bb custom_padding=\u00bb|||\u00bb title_font_size_tablet=\u00bb40px\u00bb title_font_size_phone=\u00bb30px\u00bb title_font_size_last_edited=\u00bbon|phone\u00bb title_line_height_tablet=\u00bb0.5em\u00bb title_line_height_phone=\u00bb1.7em\u00bb title_line_height_last_edited=\u00bbon|phone\u00bb subhead_font_size_tablet=\u00bb35px\u00bb subhead_font_size_phone=\u00bb18px\u00bb subhead_font_size_last_edited=\u00bboff|desktop\u00bb subhead_line_height_tablet=\u00bb4em\u00bb subhead_line_height_phone=\u00bb3em\u00bb subhead_line_height_last_edited=\u00bbon|phone\u00bb subhead_text_shadow_style=\u00bbpreset5&#8243; subhead_text_shadow_horizontal_length=\u00bb0.02em\u00bb subhead_text_shadow_vertical_length=\u00bb0.02em\u00bb button_one_border_color_hover=\u00bb#ecd5c5&#8243; button_one_border_radius_hover=\u00bb0px\u00bb button_one_letter_spacing_hover=\u00bb4px\u00bb button_one_bg_color_hover=\u00bb#ecd5c5&#8243; inline_fonts=\u00bbAmiko\u00bb global_colors_info=\u00bb{}\u00bb button_one_text_size__hover_enabled=\u00bboff\u00bb button_two_text_size__hover_enabled=\u00bboff\u00bb button_one_text_color__hover_enabled=\u00bboff\u00bb button_two_text_color__hover_enabled=\u00bboff\u00bb button_one_border_width__hover_enabled=\u00bboff\u00bb button_two_border_width__hover_enabled=\u00bboff\u00bb button_one_border_color__hover_enabled=\u00bbon\u00bb button_one_border_color__hover=\u00bb#ecd5c5&#8243; button_two_border_color__hover_enabled=\u00bboff\u00bb button_one_border_radius__hover_enabled=\u00bbon\u00bb button_one_border_radius__hover=\u00bb0px\u00bb button_two_border_radius__hover_enabled=\u00bboff\u00bb button_one_letter_spacing__hover_enabled=\u00bbon\u00bb button_one_letter_spacing__hover=\u00bb4px\u00bb button_two_letter_spacing__hover_enabled=\u00bboff\u00bb button_one_bg_color__hover_enabled=\u00bbon\u00bb button_one_bg_color__hover=\u00bb#ecd5c5&#8243; button_two_bg_color__hover_enabled=\u00bboff\u00bb]<\/p>\n<p>Con o sin relevancia cl\u00ednica, te ayudo a regenerar la funci\u00f3n vocal y el alto rendimiento art\u00edstico, para volver a los escenarios.<\/p>\n<p>[\/et_pb_fullwidth_header][\/et_pb_section][et_pb_section fb_built=\u00bb1&#8243; admin_label=\u00bbWhat we do\u00bb _builder_version=\u00bb4.14.7&#8243; background_color_gradient_start=\u00bbrgba(242,227,222,0.24)\u00bb background_color_gradient_end=\u00bb#ffffff\u00bb width=\u00bb100%\u00bb custom_padding=\u00bb||0px||false|false\u00bb locked=\u00bboff\u00bb global_colors_info=\u00bb{}\u00bb][et_pb_row column_structure=\u00bb3_5,2_5&#8243; admin_label=\u00bbwhat we do Row\u00bb _builder_version=\u00bb3.25&#8243; custom_margin=\u00bb|auto||200px||\u00bb global_colors_info=\u00bb{}\u00bb][et_pb_column type=\u00bb3_5&#8243; _builder_version=\u00bb3.25&#8243; custom_padding=\u00bb|||\u00bb global_colors_info=\u00bb{}\u00bb custom_padding__hover=\u00bb|||\u00bb][et_pb_button _builder_version=\u00bb3.16&#8243; global_colors_info=\u00bb{}\u00bb button_text_size__hover_enabled=\u00bboff\u00bb button_one_text_size__hover_enabled=\u00bboff\u00bb button_two_text_size__hover_enabled=\u00bboff\u00bb button_text_color__hover_enabled=\u00bboff\u00bb button_one_text_color__hover_enabled=\u00bboff\u00bb button_two_text_color__hover_enabled=\u00bboff\u00bb button_border_width__hover_enabled=\u00bboff\u00bb button_one_border_width__hover_enabled=\u00bboff\u00bb button_two_border_width__hover_enabled=\u00bboff\u00bb button_border_color__hover_enabled=\u00bboff\u00bb button_one_border_color__hover_enabled=\u00bboff\u00bb button_two_border_color__hover_enabled=\u00bboff\u00bb button_border_radius__hover_enabled=\u00bboff\u00bb button_one_border_radius__hover_enabled=\u00bboff\u00bb button_two_border_radius__hover_enabled=\u00bboff\u00bb button_letter_spacing__hover_enabled=\u00bboff\u00bb button_one_letter_spacing__hover_enabled=\u00bboff\u00bb button_two_letter_spacing__hover_enabled=\u00bboff\u00bb button_bg_color__hover_enabled=\u00bboff\u00bb button_one_bg_color__hover_enabled=\u00bboff\u00bb button_two_bg_color__hover_enabled=\u00bboff\u00bb]&nbsp;<br \/>\n[\/et_pb_button][et_pb_text _builder_version=\u00bb4.14.7&#8243; text_font=\u00bb||||||||\u00bb text_font_size=\u00bb20px\u00bb text_line_height=\u00bb1.8em\u00bb link_font=\u00bb||||||||\u00bb ul_font=\u00bb||||||||\u00bb header_font=\u00bb||||||||\u00bb header_2_font=\u00bb||||||||\u00bb header_2_font_size=\u00bb41px\u00bb header_3_font=\u00bb||||||||\u00bb header_3_font_size=\u00bb45px\u00bb header_3_line_height=\u00bb1.5em\u00bb header_4_font=\u00bb||||||||\u00bb header_5_font=\u00bb|700||on|||||\u00bb header_5_text_color=\u00bb#ecd5c5&#8243; header_5_letter_spacing=\u00bb15px\u00bb header_5_line_height=\u00bb1.8em\u00bb max_width_tablet=\u00bb100%\u00bb max_width_phone=\u00bb100%\u00bb max_width_last_edited=\u00bbon|desktop\u00bb module_alignment=\u00bbright\u00bb custom_margin=\u00bb|||\u00bb custom_padding=\u00bb|||\u00bb global_colors_info=\u00bb{}\u00bb]<\/p>\n<h2 class=\"p1\">Cantantes en crisis<\/h2>\n<p>&nbsp;<\/p>\n<p class=\"p1\">Hablar de trastornos vocales en cantantes ha sido siempre un tema tab\u00fa. Sin embargo, la mayor\u00eda de los cantantes profesionales han pasado, por lo menos, por una crisis vocal a lo largo de su carrera.<\/p>\n<p class=\"p1\">De la misma manera que los deportistas sufren lesiones que les impiden jugar, los cantantes pueden desarrollar un trastorno vocal que, por un tiempo, les impide cantar.<\/p>\n<p class=\"p1\">Es as\u00ed que t\u00fa, experto de la voz, a\u00fan con la mejor t\u00e9cnica vocal puedes desarrollar una fatiga vocal, n\u00f3dulos, edemas y hematomas. Los motivos pueden ser m\u00faltiples.\u00a0<span class=\"s1\"><\/span><\/p>\n<p class=\"p1\"><span style=\"font-size: 20px;\">En un trabajo vocal sensible,<span style=\"color: #bf966d;\"> te gu\u00edo y acompa\u00f1o hasta la\u00a0regeneraci\u00f3n de tu voz<\/span><\/span><span style=\"color: #bf966d;\"><span style=\"font-size: 20px;\">, de tu t\u00e9cnica y<\/span><span style=\"font-size: 20px;\">\u00a0la recuperaci\u00f3n del alto rendimiento art\u00edstico.<\/span><span style=\"font-size: 20px;\">\u00a0<\/span><\/span><\/p>\n<p class=\"p1\"><span class=\"s2\" style=\"font-family: 'Walkway Black',Helvetica,Arial,Lucida,sans-serif;\"><b>Si tu caso particular presenta relevancia cl\u00ednica (alteraciones org\u00e1nicas), la rehabilitaci\u00f3n y evaluaci\u00f3n se hacen en consulta regular con el m\u00e9dico foniatra (y fonoaudi\u00f3logo o logoterapeuta si fuera necesario)<\/b>.<\/span><\/p>\n<p class=\"p1\">Para m\u00e1s informaci\u00f3n, puedes descargar gratuitamente mi ebook: <span style=\"color: #bf966d;\">Trastornos de la voz del cantante: s\u00edntomas y or\u00edgenes<\/span>.<span class=\"s2\"><\/span><\/p>\n<p class=\"p5\">O cont\u00e1ctame <span class=\"s1\">aqu\u00ed<\/span> con tus preguntas o inquietudes.<\/p>\n<p class=\"p5\">Estar\u00e9 encantada de leerte.<\/p>\n<p>[\/et_pb_text][et_pb_button button_url=\u00bb\/contacto\u00bb button_text=\u00bbContacto\u00bb button_alignment=\u00bbcenter\u00bb _builder_version=\u00bb4.14.7&#8243; custom_button=\u00bbon\u00bb button_text_size=\u00bb14px\u00bb button_text_color=\u00bb#595353&#8243; button_border_width=\u00bb3px\u00bb button_border_color=\u00bb#c4beb9&#8243; button_border_radius=\u00bb0px\u00bb button_letter_spacing=\u00bb4px\u00bb button_font=\u00bbPoppins|500||on|||||\u00bb custom_margin=\u00bb|||\u00bb custom_margin_tablet=\u00bb|||0px\u00bb custom_margin_phone=\u00bb|||0px\u00bb custom_margin_last_edited=\u00bbon|desktop\u00bb custom_padding=\u00bb18px||18px|\u00bb button_text_color_hover=\u00bb#ffffff\u00bb button_bg_color_hover=\u00bb#c4beb9&#8243; global_colors_info=\u00bb{}\u00bb button_text_size__hover_enabled=\u00bboff\u00bb button_one_text_size__hover_enabled=\u00bboff\u00bb button_two_text_size__hover_enabled=\u00bboff\u00bb button_text_color__hover_enabled=\u00bbon\u00bb button_text_color__hover=\u00bb#ffffff\u00bb button_one_text_color__hover_enabled=\u00bboff\u00bb button_two_text_color__hover_enabled=\u00bboff\u00bb button_border_width__hover_enabled=\u00bboff\u00bb button_one_border_width__hover_enabled=\u00bboff\u00bb button_two_border_width__hover_enabled=\u00bboff\u00bb button_border_color__hover_enabled=\u00bboff\u00bb button_one_border_color__hover_enabled=\u00bboff\u00bb button_two_border_color__hover_enabled=\u00bboff\u00bb button_border_radius__hover_enabled=\u00bboff\u00bb button_one_border_radius__hover_enabled=\u00bboff\u00bb button_two_border_radius__hover_enabled=\u00bboff\u00bb button_letter_spacing__hover_enabled=\u00bboff\u00bb button_one_letter_spacing__hover_enabled=\u00bboff\u00bb button_two_letter_spacing__hover_enabled=\u00bboff\u00bb button_bg_color__hover_enabled=\u00bbon\u00bb button_bg_color__hover=\u00bb#c4beb9&#8243; button_one_bg_color__hover_enabled=\u00bboff\u00bb button_two_bg_color__hover_enabled=\u00bboff\u00bb]&nbsp;<br \/>\n[\/et_pb_button][et_pb_button _builder_version=\u00bb3.16&#8243; global_colors_info=\u00bb{}\u00bb button_text_size__hover_enabled=\u00bboff\u00bb button_one_text_size__hover_enabled=\u00bboff\u00bb button_two_text_size__hover_enabled=\u00bboff\u00bb button_text_color__hover_enabled=\u00bboff\u00bb button_one_text_color__hover_enabled=\u00bboff\u00bb button_two_text_color__hover_enabled=\u00bboff\u00bb button_border_width__hover_enabled=\u00bboff\u00bb button_one_border_width__hover_enabled=\u00bboff\u00bb button_two_border_width__hover_enabled=\u00bboff\u00bb button_border_color__hover_enabled=\u00bboff\u00bb button_one_border_color__hover_enabled=\u00bboff\u00bb button_two_border_color__hover_enabled=\u00bboff\u00bb button_border_radius__hover_enabled=\u00bboff\u00bb button_one_border_radius__hover_enabled=\u00bboff\u00bb button_two_border_radius__hover_enabled=\u00bboff\u00bb button_letter_spacing__hover_enabled=\u00bboff\u00bb button_one_letter_spacing__hover_enabled=\u00bboff\u00bb button_two_letter_spacing__hover_enabled=\u00bboff\u00bb button_bg_color__hover_enabled=\u00bboff\u00bb button_one_bg_color__hover_enabled=\u00bboff\u00bb button_two_bg_color__hover_enabled=\u00bboff\u00bb]&nbsp;<br \/>\n[\/et_pb_button][\/et_pb_column][et_pb_column type=\u00bb2_5&#8243; _builder_version=\u00bb3.25&#8243; custom_padding=\u00bb|||\u00bb global_colors_info=\u00bb{}\u00bb custom_padding__hover=\u00bb|||\u00bb][et_pb_blurb title=\u00bbEl concepto\u00bb image=\u00bbhttps:\/\/gabrielalabanda.com\/wp-content\/uploads\/2022\/01\/unnamed-4.jpg\u00bb alt=\u00bbconcepto\u00bb _builder_version=\u00bb4.14.7&#8243; header_font=\u00bb||||||||\u00bb header_font_size=\u00bb30px\u00bb header_line_height=\u00bb1.5em\u00bb body_font=\u00bb||||||||\u00bb body_font_size=\u00bb18px\u00bb body_line_height=\u00bb1.8em\u00bb text_orientation=\u00bbcenter\u00bb animation=\u00bboff\u00bb link_option_url=\u00bb\/terapia-de-la-voz-del-cantante\/concepto\u00bb border_color_all_image=\u00bb#ffffff\u00bb border_style_all_image=\u00bbnone\u00bb box_shadow_style_image=\u00bbpreset5&#8243; box_shadow_vertical_image=\u00bb0px\u00bb box_shadow_spread_image=\u00bb1px\u00bb box_shadow_color_image=\u00bb#c4beb9&#8243; global_colors_info=\u00bb{}\u00bb]<\/p>\n<p class=\"p1\" style=\"text-align: center;\">En la mayor\u00eda de los casos, los trastornos en la voz cantanda, se producen en las capas superficiales de los pliegues vocales.<span class=\"Apple-converted-space\">\u00a0<\/span><\/p>\n<p>[\/et_pb_blurb][et_pb_button button_url=\u00bb\/terapia-de-la-voz-del-cantante\/concepto\u00bb button_text=\u00bbLeer m\u00e1s\u00bb button_alignment=\u00bbcenter\u00bb _builder_version=\u00bb4.14.7&#8243; custom_button=\u00bbon\u00bb button_text_size=\u00bb14px\u00bb button_text_color=\u00bb#595353&#8243; button_border_width=\u00bb3px\u00bb button_border_color=\u00bb#c4beb9&#8243; button_border_radius=\u00bb0px\u00bb button_letter_spacing=\u00bb4px\u00bb button_font=\u00bbPoppins|500||on|||||\u00bb custom_margin=\u00bb|||\u00bb custom_margin_tablet=\u00bb|||0px\u00bb custom_margin_phone=\u00bb|||0px\u00bb custom_margin_last_edited=\u00bbon|desktop\u00bb custom_padding=\u00bb18px||18px|\u00bb button_text_color_hover=\u00bb#ffffff\u00bb button_bg_color_hover=\u00bb#c4beb9&#8243; global_colors_info=\u00bb{}\u00bb button_text_size__hover_enabled=\u00bboff\u00bb button_one_text_size__hover_enabled=\u00bboff\u00bb button_two_text_size__hover_enabled=\u00bboff\u00bb button_text_color__hover_enabled=\u00bbon\u00bb button_text_color__hover=\u00bb#ffffff\u00bb button_one_text_color__hover_enabled=\u00bboff\u00bb button_two_text_color__hover_enabled=\u00bboff\u00bb button_border_width__hover_enabled=\u00bboff\u00bb button_one_border_width__hover_enabled=\u00bboff\u00bb button_two_border_width__hover_enabled=\u00bboff\u00bb button_border_color__hover_enabled=\u00bboff\u00bb button_one_border_color__hover_enabled=\u00bboff\u00bb button_two_border_color__hover_enabled=\u00bboff\u00bb button_border_radius__hover_enabled=\u00bboff\u00bb button_one_border_radius__hover_enabled=\u00bboff\u00bb button_two_border_radius__hover_enabled=\u00bboff\u00bb button_letter_spacing__hover_enabled=\u00bboff\u00bb button_one_letter_spacing__hover_enabled=\u00bboff\u00bb button_two_letter_spacing__hover_enabled=\u00bboff\u00bb button_bg_color__hover_enabled=\u00bbon\u00bb button_bg_color__hover=\u00bb#c4beb9&#8243; button_one_bg_color__hover_enabled=\u00bboff\u00bb button_two_bg_color__hover_enabled=\u00bboff\u00bb]&nbsp;<br \/>\n[\/et_pb_button][\/et_pb_column][\/et_pb_row][\/et_pb_section][et_pb_section fb_built=\u00bb1&#8243; disabled_on=\u00bboff|off|off\u00bb admin_label=\u00bbSubscribe\u00bb _builder_version=\u00bb4.14.7&#8243; background_enable_image=\u00bboff\u00bb custom_padding=\u00bb50px|0px|50px|0px|true|false\u00bb global_module=\u00bb75&#8243; saved_tabs=\u00bball\u00bb global_colors_info=\u00bb{}\u00bb][et_pb_row column_structure=\u00bb1_4,1_2,1_4&#8243; use_custom_gutter=\u00bbon\u00bb admin_label=\u00bbSubscribe Row\u00bb module_class=\u00bb et_pb_row_fullwidth\u00bb _builder_version=\u00bb3.25&#8243; width=\u00bb89%\u00bb width_tablet=\u00bb80%\u00bb width_phone=\u00bb\u00bb width_last_edited=\u00bbon|desktop\u00bb max_width=\u00bb89%\u00bb max_width_tablet=\u00bb80%\u00bb max_width_phone=\u00bb\u00bb max_width_last_edited=\u00bbon|desktop\u00bb make_fullwidth=\u00bbon\u00bb global_colors_info=\u00bb{}\u00bb][et_pb_column type=\u00bb1_4&#8243; _builder_version=\u00bb3.25&#8243; custom_padding=\u00bb|||\u00bb global_colors_info=\u00bb{}\u00bb custom_padding__hover=\u00bb|||\u00bb][\/et_pb_column][et_pb_column type=\u00bb1_2&#8243; _builder_version=\u00bb3.25&#8243; custom_padding=\u00bb|||\u00bb global_colors_info=\u00bb{}\u00bb custom_padding__hover=\u00bb|||\u00bb][et_pb_signup mailchimp_list=\u00bbGabriela Labanda Mailchimp|d5ca8fd079&#8243; name_field=\u00bbon\u00bb use_custom_fields=\u00bbon\u00bb success_message=\u00bb\u00a1\u00c9xito! Enviaremos tu ebook en 30 min o menos&#8230;\u00bb title=\u00bbTe regalo mi libro digital\u00bb description=\u00bb<\/p>\n<p class=%22p1%22><b>En \u00e9l descubrir\u00e1s algunas habilidades que necesitas para conocer los factores que impulsan el desarrollo vocal y art\u00edstico.<\/b><\/p>\n<p class=%22p1%22><span style=%22color: #bf966d;%22>Gu\u00eda para pensar r\u00e1pido y despacio.<\/span><\/p>\n<p class=%22p1%22><span style=%22color: #bf966d;%22>Y 10 herramientas para el maestro de canto del s.XXI<\/span><\/p>\n<p class=%22p1%22><span style=%22color: #bf966d;%22><\/span><\/p>\n<p class=%22p1%22><span style=%22font-size: 20px;%22><\/span><\/p>\n<p class=%22p1%22><span style=%22font-size: 20px;%22>Si te interesa recibir una dosis de inspiraci\u00f3n mensual, reg\u00edstrate para <\/span><strong style=%22font-size: 20px;%22>recibir el eBook y mi <span class=%22s1%22><i>singingletter<\/i> <\/span>mensual.<\/strong><\/p>\n<p class=%22p1%22>Ambos gratuitos.<\/p>\n<p class=%22p1%22><span style=%22font-size: small;%22>Puedes darte de baja cuando quieras y prometo no compartir tu email con nadie.<\/span><strong style=%22font-size: 20px;%22><\/strong><\/p>\n<p>\u00bb module_class=\u00bbpa-hide-optin-group\u00bb _builder_version=\u00bb4.14.7&#8243; form_field_background_color=\u00bb#f7f7f7&#8243; header_level=\u00bbh3&#8243; header_font=\u00bb||||||||\u00bb header_text_color=\u00bb#333333&#8243; header_font_size=\u00bb45px\u00bb header_line_height=\u00bb1.8em\u00bb body_font=\u00bb||||||||\u00bb body_font_size=\u00bb20px\u00bb body_line_height=\u00bb1.8em\u00bb result_message_font=\u00bb||||||||\u00bb use_background_color=\u00bboff\u00bb custom_button=\u00bbon\u00bb button_text_size=\u00bb14px\u00bb button_text_color=\u00bb#ffffff\u00bb button_bg_color=\u00bb#c4beb9&#8243; button_border_width=\u00bb15px\u00bb button_border_color=\u00bb#c4beb9&#8243; button_border_radius=\u00bb0px\u00bb button_letter_spacing=\u00bb4px\u00bb button_font=\u00bbWalkway Black|||on|||||\u00bb text_orientation=\u00bbcenter\u00bb background_layout=\u00bblight\u00bb max_width_tablet=\u00bb100%\u00bb max_width_phone=\u00bb80%\u00bb max_width_last_edited=\u00bbon|tablet\u00bb module_alignment=\u00bbcenter\u00bb custom_margin=\u00bb|||\u00bb custom_padding=\u00bb|||\u00bb animation_direction=\u00bbbottom\u00bb header_font_size_tablet=\u00bb35px\u00bb header_font_size_phone=\u00bb30px\u00bb header_font_size_last_edited=\u00bbon|phone\u00bb button_text_size_tablet=\u00bb14px\u00bb button_text_size_phone=\u00bb14px\u00bb button_text_size_last_edited=\u00bbon|desktop\u00bb border_radii_fields=\u00bbon||||\u00bb border_width_all_fields=\u00bb10px\u00bb border_color_all_fields=\u00bb#f7f7f7&#8243; button_border_radius_hover=\u00bb0px\u00bb global_colors_info=\u00bb{}\u00bb button_text_size__hover_enabled=\u00bboff\u00bb button_one_text_size__hover_enabled=\u00bboff\u00bb button_two_text_size__hover_enabled=\u00bboff\u00bb button_text_color__hover_enabled=\u00bboff\u00bb button_one_text_color__hover_enabled=\u00bboff\u00bb button_two_text_color__hover_enabled=\u00bboff\u00bb button_border_width__hover_enabled=\u00bboff\u00bb button_one_border_width__hover_enabled=\u00bboff\u00bb button_two_border_width__hover_enabled=\u00bboff\u00bb button_border_color__hover_enabled=\u00bboff\u00bb button_one_border_color__hover_enabled=\u00bboff\u00bb button_two_border_color__hover_enabled=\u00bboff\u00bb button_border_radius__hover_enabled=\u00bbon\u00bb button_border_radius__hover=\u00bb0px\u00bb button_one_border_radius__hover_enabled=\u00bboff\u00bb button_two_border_radius__hover_enabled=\u00bboff\u00bb button_letter_spacing__hover_enabled=\u00bboff\u00bb button_one_letter_spacing__hover_enabled=\u00bboff\u00bb button_two_letter_spacing__hover_enabled=\u00bboff\u00bb button_bg_color__hover_enabled=\u00bboff\u00bb button_one_bg_color__hover_enabled=\u00bboff\u00bb button_two_bg_color__hover_enabled=\u00bboff\u00bb][et_pb_signup_custom_field field_id=\u00bbe5edc8eef8&#8243; field_title=\u00bbWeb\u00bb field_type=\u00bbcheckbox\u00bb checkbox_options=\u00bb%91{%22checked%22:1,%22value%22:%22Ebook%22,%22id%22:%22f922713bf9%22,%22dragID%22:-1,%22link_url%22:%22%22,%22link_text%22:%22%22},{%22checked%22:0,%22value%22:%22TVL%22,%22id%22:%222a49989bb1%22,%22dragID%22:0}%93&#8243; _builder_version=\u00bb4.14.7&#8243; _module_preset=\u00bbdefault\u00bb global_colors_info=\u00bb{}\u00bb predefined_field=\u00bbe5edc8eef8&#8243;][\/et_pb_signup_custom_field][\/et_pb_signup][et_pb_social_media_follow _builder_version=\u00bb4.14.7&#8243; text_orientation=\u00bbcenter\u00bb border_radii=\u00bbon|0px|0px|0px|0px\u00bb global_colors_info=\u00bb{}\u00bb][et_pb_social_media_follow_network social_network=\u00bbfacebook\u00bb url=\u00bbhttps:\/\/www.facebook.com\/TeachingVoiceLab\u00bb _builder_version=\u00bb4.14.7&#8243; background_color=\u00bb#c4beb9&#8243; custom_margin=\u00bb|6px||6px|false|true\u00bb custom_padding=\u00bb10px|10px|10px|10px|true|true\u00bb border_radii=\u00bbon|0px|0px|0px|0px\u00bb global_colors_info=\u00bb{}\u00bb follow_button=\u00bboff\u00bb url_new_window=\u00bbon\u00bb]facebook[\/et_pb_social_media_follow_network][et_pb_social_media_follow_network social_network=\u00bbinstagram\u00bb url=\u00bbhttps:\/\/www.instagram.com\/gabrielalabanda\/\u00bb _builder_version=\u00bb4.14.7&#8243; background_color=\u00bb#c4beb9&#8243; custom_margin=\u00bb|6px||6px|false|true\u00bb custom_padding=\u00bb10px|10px|10px|10px|true|true\u00bb border_radii=\u00bbon|0px|0px|0px|0px\u00bb global_colors_info=\u00bb{}\u00bb follow_button=\u00bboff\u00bb url_new_window=\u00bbon\u00bb]instagram[\/et_pb_social_media_follow_network][\/et_pb_social_media_follow][\/et_pb_column][et_pb_column type=\u00bb1_4&#8243; _builder_version=\u00bb3.25&#8243; custom_padding=\u00bb|||\u00bb global_colors_info=\u00bb{}\u00bb custom_padding__hover=\u00bb|||\u00bb][\/et_pb_column][\/et_pb_row][\/et_pb_section]<\/p>\n","protected":false},"excerpt":{"rendered":"<p>Con o sin relevancia cl\u00ednica, te ayudo a regenerar la funci\u00f3n vocal y el alto rendimiento art\u00edstico, para volver a los escenarios.&nbsp; Cantantes en crisis &nbsp; Hablar de trastornos vocales en cantantes ha sido siempre un tema tab\u00fa. Sin embargo, la mayor\u00eda de los cantantes profesionales han pasado, por lo menos, por una crisis vocal [&hellip;]<\/p>\n","protected":false},"author":1,"featured_media":0,"parent":0,"menu_order":0,"comment_status":"closed","ping_status":"closed","template":"","meta":{"_et_pb_use_builder":"on","_et_pb_old_content":"","_et_gb_content_width":"","footnotes":""},"class_list":["post-82","page","type-page","status-publish","hentry"],"_links":{"self":[{"href":"https:\/\/gabrielalabanda.com\/es\/wp-json\/wp\/v2\/pages\/82","targetHints":{"allow":["GET"]}}],"collection":[{"href":"https:\/\/gabrielalabanda.com\/es\/wp-json\/wp\/v2\/pages"}],"about":[{"href":"https:\/\/gabrielalabanda.com\/es\/wp-json\/wp\/v2\/types\/page"}],"author":[{"embeddable":true,"href":"https:\/\/gabrielalabanda.com\/es\/wp-json\/wp\/v2\/users\/1"}],"replies":[{"embeddable":true,"href":"https:\/\/gabrielalabanda.com\/es\/wp-json\/wp\/v2\/comments?post=82"}],"version-history":[{"count":32,"href":"https:\/\/gabrielalabanda.com\/es\/wp-json\/wp\/v2\/pages\/82\/revisions"}],"predecessor-version":[{"id":992,"href":"https:\/\/gabrielalabanda.com\/es\/wp-json\/wp\/v2\/pages\/82\/revisions\/992"}],"wp:attachment":[{"href":"https:\/\/gabrielalabanda.com\/es\/wp-json\/wp\/v2\/media?parent=82"}],"curies":[{"name":"wp","href":"https:\/\/api.w.org\/{rel}","templated":true}]}}