{"id":92,"date":"2021-12-19T12:17:50","date_gmt":"2021-12-19T12:17:50","guid":{"rendered":"https:\/\/gabrielalabanda.com\/?page_id=92"},"modified":"2022-03-30T02:32:41","modified_gmt":"2022-03-30T01:32:41","slug":"contacto","status":"publish","type":"page","link":"https:\/\/gabrielalabanda.com\/es\/contacto","title":{"rendered":"Contacto"},"content":{"rendered":"<p>[et_pb_section fb_built=\u00bb1&#8243; fullwidth=\u00bbon\u00bb admin_label=\u00bbHeader\u00bb _builder_version=\u00bb4.14.4&#8243; custom_padding=\u00bb0px|0|0px|0px|false|false\u00bb top_divider_style=\u00bbarrow3&#8243; top_divider_color=\u00bbrgba(255,255,255,0.3)\u00bb top_divider_height=\u00bb100%\u00bb top_divider_repeat=\u00bb1.5x\u00bb bottom_divider_color=\u00bbrgba(255,255,255,0.33)\u00bb bottom_divider_height=\u00bb500px\u00bb global_colors_info=\u00bb{}\u00bb][et_pb_fullwidth_header title=\u00bbContacto\u00bb subhead=\u00bb\u00a1Hablemos!\u00bb header_fullscreen=\u00bbon\u00bb button_one_url=\u00bbhttps:\/\/gabrielalabanda.com\/contacto\u00bb content_max_width=\u00bb70%\u00bb content_max_width_tablet=\u00bb100%\u00bb content_max_width_phone=\u00bb\u00bb content_max_width_last_edited=\u00bbon|phone\u00bb _builder_version=\u00bb4.14.7&#8243; title_level=\u00bbh2&#8243; title_font=\u00bb||||||||\u00bb title_text_align=\u00bbleft\u00bb title_text_color=\u00bb#f5eadb\u00bb title_font_size=\u00bb5vw\u00bb title_line_height=\u00bb0.5em\u00bb content_font=\u00bb||||||||\u00bb content_text_color=\u00bb#f5eadb\u00bb content_font_size=\u00bb18px\u00bb content_line_height=\u00bb1.8em\u00bb subhead_font=\u00bb|700||on|||||\u00bb subhead_text_align=\u00bbleft\u00bb subhead_text_color=\u00bb#d09a6b\u00bb subhead_font_size=\u00bb16px\u00bb subhead_letter_spacing=\u00bb6px\u00bb subhead_line_height=\u00bb4.5em\u00bb background_color=\u00bbrgba(255,255,255,0)\u00bb background_image=\u00bbhttps:\/\/gabrielalabanda.com\/wp-content\/uploads\/2022\/03\/nueva-gabriela-home-2.jpg\u00bb background_position=\u00bbtop_center\u00bb custom_button_one=\u00bbon\u00bb button_one_text_size=\u00bb14px\u00bb button_one_text_color=\u00bb#000000&#8243; button_one_bg_color=\u00bb#ffffff\u00bb button_one_border_width=\u00bb14px\u00bb button_one_border_color=\u00bb#ffffff\u00bb button_one_border_radius=\u00bb0px\u00bb button_one_letter_spacing=\u00bb4px\u00bb button_one_font=\u00bbPoppins|500||on|||||\u00bb background_layout=\u00bblight\u00bb custom_margin=\u00bb||||false|false\u00bb custom_padding=\u00bb|||\u00bb title_font_size_tablet=\u00bb40px\u00bb title_font_size_phone=\u00bb32px\u00bb title_font_size_last_edited=\u00bbon|phone\u00bb subhead_font_size_tablet=\u00bb40px\u00bb subhead_font_size_phone=\u00bb32px\u00bb subhead_font_size_last_edited=\u00bboff|tablet\u00bb subhead_line_height_tablet=\u00bb4em\u00bb subhead_line_height_phone=\u00bb3em\u00bb subhead_line_height_last_edited=\u00bbon|phone\u00bb button_one_border_color_hover=\u00bb#ecd5c5&#8243; button_one_border_radius_hover=\u00bb0px\u00bb button_one_letter_spacing_hover=\u00bb4px\u00bb button_one_bg_color_hover=\u00bb#ecd5c5&#8243; global_colors_info=\u00bb{}\u00bb button_one_text_size__hover_enabled=\u00bboff\u00bb button_two_text_size__hover_enabled=\u00bboff\u00bb button_one_text_color__hover_enabled=\u00bboff\u00bb button_two_text_color__hover_enabled=\u00bboff\u00bb button_one_border_width__hover_enabled=\u00bboff\u00bb button_two_border_width__hover_enabled=\u00bboff\u00bb button_one_border_color__hover_enabled=\u00bbon\u00bb button_one_border_color__hover=\u00bb#ecd5c5&#8243; button_two_border_color__hover_enabled=\u00bboff\u00bb button_one_border_radius__hover_enabled=\u00bbon\u00bb button_one_border_radius__hover=\u00bb0px\u00bb button_two_border_radius__hover_enabled=\u00bboff\u00bb button_one_letter_spacing__hover_enabled=\u00bbon\u00bb button_one_letter_spacing__hover=\u00bb4px\u00bb button_two_letter_spacing__hover_enabled=\u00bboff\u00bb button_one_bg_color__hover_enabled=\u00bbon\u00bb button_one_bg_color__hover=\u00bb#ecd5c5&#8243; button_two_bg_color__hover_enabled=\u00bboff\u00bb]<\/p>\n<p>Estar\u00e9 encantada de leerte<\/p>\n<p>[\/et_pb_fullwidth_header][\/et_pb_section][et_pb_section fb_built=\u00bb1&#8243; admin_label=\u00bbContact Info \u00bb _builder_version=\u00bb3.22&#8243; global_colors_info=\u00bb{}\u00bb][et_pb_row column_structure=\u00bb2_3,1_3&#8243; admin_label=\u00bbContact Row\u00bb _builder_version=\u00bb3.25&#8243; global_colors_info=\u00bb{}\u00bb][et_pb_column type=\u00bb2_3&#8243; _builder_version=\u00bb3.25&#8243; custom_padding=\u00bb|||\u00bb global_colors_info=\u00bb{}\u00bb custom_padding__hover=\u00bb|||\u00bb][et_pb_contact_form email=\u00bbhola@gabrielalabanda.com\u00bb custom_message=\u00bbNombre: %%Nombre%%||et_pb_line_break_holder||Email: %%Email%%||et_pb_line_break_holder||Mensaje: %%Mensaje%%\u00bb success_message=\u00bbMensaje recibido. En breve me pondr\u00e9 en contacto contigo para continuar.\u00bb module_id=\u00bbet_pb_contact_form_0&#8243; _builder_version=\u00bb4.14.7&#8243; form_field_background_color=\u00bbrgba(0,0,0,0.03)\u00bb title_level=\u00bbh2&#8243; title_font=\u00bb||||||||\u00bb title_font_size=\u00bb45px\u00bb title_line_height=\u00bb1.8em\u00bb form_field_font=\u00bbWalkway Bold||||||||\u00bb form_field_font_size=\u00bb16px\u00bb custom_button=\u00bbon\u00bb button_text_size=\u00bb14px\u00bb button_text_color=\u00bb#ffffff\u00bb button_bg_color=\u00bb#c4beb9&#8243; button_border_width=\u00bb16px\u00bb button_border_color=\u00bb#c4beb9&#8243; button_border_radius=\u00bb0px\u00bb button_letter_spacing=\u00bb4px\u00bb button_font=\u00bbPoppins|||on|||||\u00bb hover_enabled=\u00bb0&#8243; form_background_color=\u00bbrgba(0,0,0,0.03)\u00bb global_colors_info=\u00bb{}\u00bb button_text_color_hover=\u00bb#ffffff\u00bb button_bg_color_hover=\u00bb#ecd5c5&#8243; button_border_color_hover=\u00bb#ecd5c5&#8243; button_border_radius_hover=\u00bb0px\u00bb sticky_enabled=\u00bb0&#8243;][et_pb_contact_field field_id=\u00bbNombre\u00bb field_title=\u00bbNombre\u00bb fullwidth_field=\u00bbon\u00bb _builder_version=\u00bb4.14.4&#8243; global_colors_info=\u00bb{}\u00bb button_text_size__hover_enabled=\u00bboff\u00bb button_one_text_size__hover_enabled=\u00bboff\u00bb button_two_text_size__hover_enabled=\u00bboff\u00bb button_text_color__hover_enabled=\u00bboff\u00bb button_one_text_color__hover_enabled=\u00bboff\u00bb button_two_text_color__hover_enabled=\u00bboff\u00bb button_border_width__hover_enabled=\u00bboff\u00bb button_one_border_width__hover_enabled=\u00bboff\u00bb button_two_border_width__hover_enabled=\u00bboff\u00bb button_border_color__hover_enabled=\u00bboff\u00bb button_one_border_color__hover_enabled=\u00bboff\u00bb button_two_border_color__hover_enabled=\u00bboff\u00bb button_border_radius__hover_enabled=\u00bboff\u00bb button_one_border_radius__hover_enabled=\u00bboff\u00bb button_two_border_radius__hover_enabled=\u00bboff\u00bb button_letter_spacing__hover_enabled=\u00bboff\u00bb button_one_letter_spacing__hover_enabled=\u00bboff\u00bb button_two_letter_spacing__hover_enabled=\u00bboff\u00bb button_bg_color__hover_enabled=\u00bboff\u00bb button_one_bg_color__hover_enabled=\u00bboff\u00bb button_two_bg_color__hover_enabled=\u00bboff\u00bb][\/et_pb_contact_field][et_pb_contact_field field_id=\u00bbEmail\u00bb field_title=\u00bbEmail\u00bb field_type=\u00bbemail\u00bb fullwidth_field=\u00bbon\u00bb _builder_version=\u00bb4.14.4&#8243; global_colors_info=\u00bb{}\u00bb button_text_size__hover_enabled=\u00bboff\u00bb button_one_text_size__hover_enabled=\u00bboff\u00bb button_two_text_size__hover_enabled=\u00bboff\u00bb button_text_color__hover_enabled=\u00bboff\u00bb button_one_text_color__hover_enabled=\u00bboff\u00bb button_two_text_color__hover_enabled=\u00bboff\u00bb button_border_width__hover_enabled=\u00bboff\u00bb button_one_border_width__hover_enabled=\u00bboff\u00bb button_two_border_width__hover_enabled=\u00bboff\u00bb button_border_color__hover_enabled=\u00bboff\u00bb button_one_border_color__hover_enabled=\u00bboff\u00bb button_two_border_color__hover_enabled=\u00bboff\u00bb button_border_radius__hover_enabled=\u00bboff\u00bb button_one_border_radius__hover_enabled=\u00bboff\u00bb button_two_border_radius__hover_enabled=\u00bboff\u00bb button_letter_spacing__hover_enabled=\u00bboff\u00bb button_one_letter_spacing__hover_enabled=\u00bboff\u00bb button_two_letter_spacing__hover_enabled=\u00bboff\u00bb button_bg_color__hover_enabled=\u00bboff\u00bb button_one_bg_color__hover_enabled=\u00bboff\u00bb button_two_bg_color__hover_enabled=\u00bboff\u00bb][\/et_pb_contact_field][et_pb_contact_field field_id=\u00bbMensaje\u00bb field_title=\u00bbMensaje\u00bb field_type=\u00bbtext\u00bb fullwidth_field=\u00bbon\u00bb _builder_version=\u00bb4.14.4&#8243; global_colors_info=\u00bb{}\u00bb button_text_size__hover_enabled=\u00bboff\u00bb button_one_text_size__hover_enabled=\u00bboff\u00bb button_two_text_size__hover_enabled=\u00bboff\u00bb button_text_color__hover_enabled=\u00bboff\u00bb button_one_text_color__hover_enabled=\u00bboff\u00bb button_two_text_color__hover_enabled=\u00bboff\u00bb button_border_width__hover_enabled=\u00bboff\u00bb button_one_border_width__hover_enabled=\u00bboff\u00bb button_two_border_width__hover_enabled=\u00bboff\u00bb button_border_color__hover_enabled=\u00bboff\u00bb button_one_border_color__hover_enabled=\u00bboff\u00bb button_two_border_color__hover_enabled=\u00bboff\u00bb button_border_radius__hover_enabled=\u00bboff\u00bb button_one_border_radius__hover_enabled=\u00bboff\u00bb button_two_border_radius__hover_enabled=\u00bboff\u00bb button_letter_spacing__hover_enabled=\u00bboff\u00bb button_one_letter_spacing__hover_enabled=\u00bboff\u00bb button_two_letter_spacing__hover_enabled=\u00bboff\u00bb button_bg_color__hover_enabled=\u00bboff\u00bb button_one_bg_color__hover_enabled=\u00bboff\u00bb button_two_bg_color__hover_enabled=\u00bboff\u00bb][\/et_pb_contact_field][et_pb_contact_field field_id=\u00bbField_4&#8243; field_title=\u00bb \u00bb field_type=\u00bbcheckbox\u00bb checkbox_options=\u00bb%91{%22value%22:%22He le\u00eddo y acepto los T\u00e9rminos y condiciones, la Pol\u00edtica de Cookies y la Pol\u00edtica de Privacidad del presente sitio web y consiento el tratamiento de mis datos personales para la gesti\u00f3n de las comunicaciones informativas con GABRIELA LABANDA.%22,%22checked%22:0,%22dragID%22:-1}%93&#8243; fullwidth_field=\u00bbon\u00bb _builder_version=\u00bb4.14.4&#8243; _module_preset=\u00bbdefault\u00bb global_colors_info=\u00bb{}\u00bb][\/et_pb_contact_field][\/et_pb_contact_form][et_pb_text _builder_version=\u00bb4.14.4&#8243; _module_preset=\u00bbdefault\u00bb global_colors_info=\u00bb{}\u00bb]<\/p>\n<p><strong>Informaci\u00f3n b\u00e1sica sobre protecci\u00f3n de datos. Responsable del tratamiento<\/strong>: GABRIELA LABANDA. <strong>Finalidad del tratamiento<\/strong>: Gesti\u00f3n de las consultas y comunicaciones realizadas a trav\u00e9s del sitio web. <strong>Legitimaci\u00f3n para el tratamiento de sus datos personales<\/strong>: Consentimiento del interesado. <strong>Destinatarios<\/strong>: Pueden realizarse comunicaciones a terceros de los datos personales de los usuarios, previa solicitud de su consentimiento expreso para ello, salvo obligaci\u00f3n legal o ejecuciones de contratos. <strong>Derechos<\/strong>: Puede ejercer los derechos de acceso, rectificaci\u00f3n, supresi\u00f3n, limitaci\u00f3n del tratamiento, portabilidad, oposici\u00f3n y a no ser objeto de decisiones automatizadas, incluyendo la elaboraci\u00f3n de perfiles. <strong>M\u00e1s informaci\u00f3n<\/strong>: Puede obtener m\u00e1s informaci\u00f3n sobre el tratamiento de datos personales en nuestro <a href=\"\/aviso-legal\" target=\"_blank\" rel=\"noopener\"><strong><u>Aviso legal<\/u><\/strong><\/a>, en nuestra <a href=\"\/politica-de-privacidad\" target=\"_blank\" rel=\"noopener\"><strong><u>Pol\u00edtica de Privacidad<\/u><\/strong><\/a>, nuestra <a href=\"\/politica-de-cookies\" target=\"_blank\" rel=\"noopener\"><strong><u>Pol\u00edtica de <em>Cookies<\/em><\/u><\/strong><\/a> \u00a0y en los <a href=\"\/terminos-y-condiciones\" target=\"_blank\" rel=\"noopener\"><strong><u>T\u00e9rminos y condiciones<\/u><\/strong><\/a>\u00a0del presente sitio web.<\/p>\n<p>[\/et_pb_text][\/et_pb_column][et_pb_column type=\u00bb1_3&#8243; _builder_version=\u00bb3.25&#8243; custom_padding=\u00bb|||6%\u00bb custom_padding_tablet=\u00bb0px|||\u00bb custom_padding_last_edited=\u00bboff|desktop\u00bb global_colors_info=\u00bb{}\u00bb custom_padding__hover=\u00bb|||\u00bb][et_pb_text admin_label=\u00bbTitle &#038; Paragraph\u00bb _builder_version=\u00bb4.14.7&#8243; text_font=\u00bb||||||||\u00bb text_line_height=\u00bb1.8em\u00bb link_font=\u00bb||||||||\u00bb link_text_color=\u00bb#f28560&#8243; ul_font=\u00bb||||||||\u00bb header_font=\u00bb||||||||\u00bb header_2_font=\u00bb||||||||\u00bb header_3_font=\u00bb||||||||\u00bb header_3_font_size=\u00bb45px\u00bb header_3_line_height=\u00bb1.5em\u00bb header_4_font=\u00bb||||||||\u00bb max_width_tablet=\u00bb100%\u00bb max_width_phone=\u00bb100%\u00bb max_width_last_edited=\u00bbon|desktop\u00bb module_alignment=\u00bbright\u00bb custom_margin=\u00bb|||\u00bb hover_enabled=\u00bb0&#8243; global_colors_info=\u00bb{}\u00bb sticky_enabled=\u00bb0&#8243;]<\/p>\n<h3>Datos de contacto<\/h3>\n<p>hola(at)gabrielalabanda.com<span><\/span><\/p>\n<p>[\/et_pb_text][\/et_pb_column][\/et_pb_row][\/et_pb_section]<\/p>\n","protected":false},"excerpt":{"rendered":"<p>Estar\u00e9 encantada de leerteInformaci\u00f3n b\u00e1sica sobre protecci\u00f3n de datos. Responsable del tratamiento: GABRIELA LABANDA. Finalidad del tratamiento: Gesti\u00f3n de las consultas y comunicaciones realizadas a trav\u00e9s del sitio web. Legitimaci\u00f3n para el tratamiento de sus datos personales: Consentimiento del interesado. Destinatarios: Pueden realizarse comunicaciones a terceros de los datos personales de los usuarios, previa solicitud [&hellip;]<\/p>\n","protected":false},"author":1,"featured_media":0,"parent":0,"menu_order":0,"comment_status":"closed","ping_status":"closed","template":"","meta":{"_et_pb_use_builder":"on","_et_pb_old_content":"","_et_gb_content_width":"","footnotes":""},"class_list":["post-92","page","type-page","status-publish","hentry"],"_links":{"self":[{"href":"https:\/\/gabrielalabanda.com\/es\/wp-json\/wp\/v2\/pages\/92","targetHints":{"allow":["GET"]}}],"collection":[{"href":"https:\/\/gabrielalabanda.com\/es\/wp-json\/wp\/v2\/pages"}],"about":[{"href":"https:\/\/gabrielalabanda.com\/es\/wp-json\/wp\/v2\/types\/page"}],"author":[{"embeddable":true,"href":"https:\/\/gabrielalabanda.com\/es\/wp-json\/wp\/v2\/users\/1"}],"replies":[{"embeddable":true,"href":"https:\/\/gabrielalabanda.com\/es\/wp-json\/wp\/v2\/comments?post=92"}],"version-history":[{"count":17,"href":"https:\/\/gabrielalabanda.com\/es\/wp-json\/wp\/v2\/pages\/92\/revisions"}],"predecessor-version":[{"id":975,"href":"https:\/\/gabrielalabanda.com\/es\/wp-json\/wp\/v2\/pages\/92\/revisions\/975"}],"wp:attachment":[{"href":"https:\/\/gabrielalabanda.com\/es\/wp-json\/wp\/v2\/media?parent=92"}],"curies":[{"name":"wp","href":"https:\/\/api.w.org\/{rel}","templated":true}]}}